{"id":840,"date":"2017-09-06T11:55:13","date_gmt":"2017-09-06T09:55:13","guid":{"rendered":"http:\/\/www.gymnasium-wanne.de\/wordpress\/?page_id=840"},"modified":"2025-11-03T14:54:25","modified_gmt":"2025-11-03T13:54:25","slug":"mittelstufe-klassen-7-bis-9","status":"publish","type":"page","link":"https:\/\/www.gymnasium-wanne.de\/wordpress\/informationen\/schulorganganisation\/mittelstufe-klassen-7-bis-9\/","title":{"rendered":"Mittelstufe (Klassen 7 bis 10)"},"content":{"rendered":"\n<p class=\"has-medium-font-size\">Koordination: Frau Meyers, Herr Dannert und Herr Dr. Bruckschen<\/p>\n\n\n\n<figure class=\"wp-block-image size-large\"><img loading=\"lazy\" decoding=\"async\" width=\"1024\" height=\"683\" src=\"https:\/\/www.gymnasium-wanne.de\/wordpress\/wp-content\/uploads\/2025\/11\/IMG_9504-1024x683.jpg\" alt=\"\" class=\"wp-image-4539\" srcset=\"https:\/\/www.gymnasium-wanne.de\/wordpress\/wp-content\/uploads\/2025\/11\/IMG_9504-1024x683.jpg 1024w, https:\/\/www.gymnasium-wanne.de\/wordpress\/wp-content\/uploads\/2025\/11\/IMG_9504-300x200.jpg 300w, https:\/\/www.gymnasium-wanne.de\/wordpress\/wp-content\/uploads\/2025\/11\/IMG_9504-768x512.jpg 768w, https:\/\/www.gymnasium-wanne.de\/wordpress\/wp-content\/uploads\/2025\/11\/IMG_9504-1536x1024.jpg 1536w, https:\/\/www.gymnasium-wanne.de\/wordpress\/wp-content\/uploads\/2025\/11\/IMG_9504-2048x1365.jpg 2048w\" sizes=\"auto, (max-width: 1024px) 100vw, 1024px\" \/><\/figure>\n\n\n\n<p><span style=\"color: initial;\"><span class=\"ui-provider eo bik bdm bil bim bin bio bip biq bir bis bit biu biv biw bix biy biz bja bjb bjc bjd bje bjf bjg bjh bji bjj bjk bjl bjm bjn bjo bjp bjq\" dir=\"ltr\">In der Mittelstufe wird die Arbeit aus der Erprobungsstufe fortgesetzt. Lernende am Gymnasium Wanne bekommen Rahmenbedingungen, die ihnen eine ganzheitliche Entwicklung ihrer Interessen und Potentiale erm\u00f6glichen und auf eine erfolgreiche Fortsetzung ihres Bildungsweges in der Sekundarstufe II vorbereiten. In der Pubert\u00e4t ver\u00e4ndern sich die Heranwachsenden nicht nur k\u00f6rperlich sondern auch die Beziehungen untereinander und zu den Erwachsenen wandeln sich durch eine kritischere Haltung und ein gest\u00e4rktes Urteilsverm\u00f6gen. Diese Ver\u00e4nderungen nehmen wir ernst und f\u00f6rdern die eigene Verantwortung f\u00fcr die Zukunft. Leitgedanken sind dabei Lebensn\u00e4he durch Orientierung am jetzigen und zuk\u00fcnftigen Alltag der Lernenden, Individualisierung auf Grundlage der unterschiedlichen Voraussetzungen der Lernenden, Selbstt\u00e4tigkeit der Sch\u00fclerinnen und Sch\u00fcler, wertsch\u00e4tzender Umgang aller Beteiligten am System Schule miteinander und verbindliche soziale Umgangsformen.<\/span><\/span><\/p>\n\n\n\n<p>Der Unterricht in den F\u00e4chern der Erprobungsstufe wird fortgesetzt. Individuelle unterrichtliche Schwerpunkte werden in Klasse 7 bei der Wahl der 2. Fremdsprache (Franz\u00f6sisch oder Latein) und bei der Wahl eines Wahlpflichtfaches f\u00fcr die Jahrgangsstufen 9 umd 10 gesetzt, durch eine 3. Fremdsprache, Informatik, oder F\u00e4cherkombinationen wie Politik\/Wirtschaft sowie Physik\/Chemie.<\/p>\n\n\n\n<p>Besondere Veranstaltungen in der Mittelstufe sind die Klassenfahrt in Jahrgangsstufe 7, die einen Schwerpunkt auf Teambuilding und ein soziales Miteinander setzt, die Pr\u00e4ventionsveranstaltungen zu Drogen, Sucht und Mobbing durch externe Partner sowie das Sozialpraktikum. In der Mittelstufe beginnen zudem die ersten Veranstaltungen zur Studien- und Berufsorientierung.<\/p>\n\n\n\n<p>Formal erwerben die Sch\u00fclerinnen und Sch\u00fcler bei entsprechenden Noten am Ende der Klasse 10 den mittleren Schulabschluss (Fachoberschulreife).<\/p>\n\n\n\n<p>Die Versetzungsbestimmungen in der Mittelstufe am Gymnasium finden Sie <a href=\"https:\/\/www.schulministerium.nrw\/system\/files\/media\/document\/file\/2109_versetzungsregelungen_am_gymnasium_g9.pdf\">hier<\/a>.<\/p>\n","protected":false},"excerpt":{"rendered":"<p>Koordination: Frau Meyers, Herr Dannert und Herr Dr. Bruckschen In der Mittelstufe wird die Arbeit aus der Erprobungsstufe fortgesetzt. Lernende am Gymnasium Wanne bekommen Rahmenbedingungen, die ihnen eine ganzheitliche Entwicklung ihrer Interessen und Potentiale erm\u00f6glichen und auf eine erfolgreiche Fortsetzung &hellip; <a href=\"https:\/\/www.gymnasium-wanne.de\/wordpress\/informationen\/schulorganganisation\/mittelstufe-klassen-7-bis-9\/\">Weiter<\/a><\/p>\n","protected":false},"author":2,"featured_media":0,"parent":239,"menu_order":0,"comment_status":"closed","ping_status":"closed","template":"","meta":{"footnotes":""},"class_list":["post-840","page","type-page","status-publish","hentry"],"publishpress_future_action":{"enabled":false,"date":"2026-05-12 10:27:53","action":"change-status","newStatus":"draft","terms":[],"taxonomy":"","extraData":[]},"publishpress_future_workflow_manual_trigger":{"enabledWorkflows":[]},"_links":{"self":[{"href":"https:\/\/www.gymnasium-wanne.de\/wordpress\/wp-json\/wp\/v2\/pages\/840","targetHints":{"allow":["GET"]}}],"collection":[{"href":"https:\/\/www.gymnasium-wanne.de\/wordpress\/wp-json\/wp\/v2\/pages"}],"about":[{"href":"https:\/\/www.gymnasium-wanne.de\/wordpress\/wp-json\/wp\/v2\/types\/page"}],"author":[{"embeddable":true,"href":"https:\/\/www.gymnasium-wanne.de\/wordpress\/wp-json\/wp\/v2\/users\/2"}],"replies":[{"embeddable":true,"href":"https:\/\/www.gymnasium-wanne.de\/wordpress\/wp-json\/wp\/v2\/comments?post=840"}],"version-history":[{"count":7,"href":"https:\/\/www.gymnasium-wanne.de\/wordpress\/wp-json\/wp\/v2\/pages\/840\/revisions"}],"predecessor-version":[{"id":4558,"href":"https:\/\/www.gymnasium-wanne.de\/wordpress\/wp-json\/wp\/v2\/pages\/840\/revisions\/4558"}],"up":[{"embeddable":true,"href":"https:\/\/www.gymnasium-wanne.de\/wordpress\/wp-json\/wp\/v2\/pages\/239"}],"wp:attachment":[{"href":"https:\/\/www.gymnasium-wanne.de\/wordpress\/wp-json\/wp\/v2\/media?parent=840"}],"curies":[{"name":"wp","href":"https:\/\/api.w.org\/{rel}","templated":true}]}}