{"id":838,"date":"2017-09-06T11:54:16","date_gmt":"2017-09-06T09:54:16","guid":{"rendered":"http:\/\/www.gymnasium-wanne.de\/wordpress\/?page_id=838"},"modified":"2025-11-06T14:15:54","modified_gmt":"2025-11-06T13:15:54","slug":"erprobungsstufe-klassen-5-und-6","status":"publish","type":"page","link":"https:\/\/www.gymnasium-wanne.de\/wordpress\/informationen\/schulorganganisation\/erprobungsstufe-klassen-5-und-6\/","title":{"rendered":"Erprobungsstufe (Klassen 5 und 6)"},"content":{"rendered":"\n<p class=\"has-medium-font-size\">Koordination: Frau Siekmann und Herr Schmale<\/p>\n\n\n\n<figure class=\"wp-block-image size-large\"><img loading=\"lazy\" decoding=\"async\" width=\"1024\" height=\"683\" src=\"https:\/\/www.gymnasium-wanne.de\/wordpress\/wp-content\/uploads\/2025\/11\/Team_Erprobungsstufe-1024x683.jpg\" alt=\"\" class=\"wp-image-4559\" srcset=\"https:\/\/www.gymnasium-wanne.de\/wordpress\/wp-content\/uploads\/2025\/11\/Team_Erprobungsstufe-1024x683.jpg 1024w, https:\/\/www.gymnasium-wanne.de\/wordpress\/wp-content\/uploads\/2025\/11\/Team_Erprobungsstufe-300x200.jpg 300w, https:\/\/www.gymnasium-wanne.de\/wordpress\/wp-content\/uploads\/2025\/11\/Team_Erprobungsstufe-768x512.jpg 768w, https:\/\/www.gymnasium-wanne.de\/wordpress\/wp-content\/uploads\/2025\/11\/Team_Erprobungsstufe-1536x1024.jpg 1536w, https:\/\/www.gymnasium-wanne.de\/wordpress\/wp-content\/uploads\/2025\/11\/Team_Erprobungsstufe-2048x1365.jpg 2048w\" sizes=\"auto, (max-width: 1024px) 100vw, 1024px\" \/><\/figure>\n\n\n\n<p class=\"has-medium-font-size\"> Das Wichtigste auf einen <a href=\"\/wordpress\/wp-content\/uploads\/2020\/02\/FlyerErprobungsstufe.pdf\">Blick.<\/a> <\/p>\n\n\n<p>Mit dem \u00dcbergang zum Gymnasium \u00e4ndert sich einiges. Die Sch\u00fclerinnen und Sch\u00fcler lernen neue F\u00e4cher und Methoden kennen, sie m\u00fcssen neue Freundschaften schlie\u00dfen,&nbsp; Lehrerinnen und Lehrer sind neu und auch Schulgeb\u00e4ude und Schulweg sind anders. Damit dieser \u00dcbergang reibungslos funktioniert, ist schon eine Menge passiert, bevor unsere F\u00fcnftkl\u00e4sslerinnen und F\u00fcnftkl\u00e4ssler eingeschult werden: Die zuk\u00fcnftigen Klassenlehrkr\u00e4fte schauen sich den Unterricht in den Grundschulen an. So k\u00f6nnen sie reibungslos daran ankn\u00fcpfen, wie und was bisher gelernt worden ist.<\/p>\n<p>Am Tag der offenen T\u00fcr erhalten Viertkl\u00e4ssler und ihre Eltern einen umfassenden Einblick in das Schulleben am Gymnasium Wanne. In der Eingangshalle werden die Besucher durch das Erprobungsstufenteam empfangen und erhalten an einem Informationsstand einen \u00dcberblick \u00fcber die vielf\u00e4ltigen Stationen des Vormittags. Zu Beginn begr\u00fc\u00dft die Schulleitung die G\u00e4ste in der Aula. Traditionell starten im Anschluss in der Pausenhalle die durch Paten organisierten Schulf\u00fchrungen, die in rund 30 Minuten die R\u00e4umlichkeiten der Schule vorstellen. Dar\u00fcber hinaus findet im Vormittagsbereich Vorf\u00fchr- und Mitmachunterricht in unterschiedlichen F\u00e4chern statt, durch den nicht unsere kleinen, sondern auch gro\u00dfen G\u00e4ste einen Einblick in den Unterrichtsalltag am Gymnasium Wanne erhalten. Auch die T\u00fcren der Mensa stehen an diesem erlebnisreichen Vormittag offen \u2013 unser schuleigener Koch sorgt f\u00fcr das leibliche Wohl unserer G\u00e4ste.<\/p>\n<p>Noch vor den Sommerferien findet unser Kennenlernnachmittag statt, der von den Klassenlehrerteams und Paten der neuen 5er spannend mit Spielen und einer Schulrallye gestaltet wird. Hier lernen die Kinder sowohl ihre Klassenlehrer, Mitsch\u00fcler und Klassenpaten als auch ihren neuen Klassenraum kennen. Die Paten sind \u00e4ltere Sch\u00fclerinnen und Sch\u00fcler, die bei kleineren Problemen und Fragen vertrauensw\u00fcrdige Ansprechpartner sind und die erste Zeit an der neuen Schule begleiten und erleichtern. Besonders wichtig ist uns eine enge Zusammenarbeit mit den Eltern. Als Lernbegleiter und Mitgestalter spielen sie f\u00fcr den Lernerfolg der Kinder eine sehr wichtige Rolle. Wir nutzen den Kennenlernnachmittag deshalb auch zum Aufbau eines kooperativen Verh\u00e4ltnisses, in dem sich beide Seiten gegenseitig ernst nehmen. W\u00e4hrend die Paten mit den Kindern unterwegs sind, unterhalten sich Lehrer und Eltern im neuen Klassenraum. Im Anschluss treffen sich alle zu einem kleinen Snack in unserer Mensa.<\/p>\n<p>Feierlich werden die Kinder dann mit Musik und Auff\u00fchrungen nach den Sommerferien begr\u00fc\u00dft und eingeschult. Die Sch\u00fcler bekommen einen Schulplaner, in den sie Termine und Aufgaben eintragen k\u00f6nnen. Au\u00dferdem finden sie dort wichtige Informationen zum Schulleben am Gymnasium Wanne. Dieser Schulplaner gibt auch den Eltern einen Einblick in den Schulalltag ihrer Kinder. Zudem kann er zum Austausch von Nachrichten zwischen Eltern und Lehrern genutzt werden.<\/p>\n<p>Die ersten Schulwochen sind gepr\u00e4gt vom Kennenlernen der neuen Mitsch\u00fcler,&nbsp; Lehrer und F\u00e4cher. Am Herzen liegt uns der Aufbau eines positiven Lern- und Klassenklimas. Dazu tr\u00e4gt besonders unsere Kennenlernfahrt nach Haltern bei. Im Zentrum stehen hier Aktivit\u00e4ten zur St\u00e4rkung des Zusammengeh\u00f6rigkeitsgef\u00fchls, die auch den begleitenden Paten und Lehrkr\u00e4ften viel Freude bereiten. Zudem stehen sowohl in der Klasse 5 als auch 6 jeweils zwei Wandertage zur Verf\u00fcgung, die im Klassenverband organisiert werden.<\/p>\n<p>Fester Bestandteil des regul\u00e4ren Stundenplans sind die aus der Grundschule bereits bekannten F\u00e4cher Deutsch, Englisch, Mathematik, Kunst, Musik, Sport und Religion. In der Klasse 5 kommen neu hinzu Biologie, Erdkunde, Politik und ein Mediengrundkurs. In der Klasse 6 erweitern die F\u00e4cher Franz\u00f6sisch oder Latein, Geschichte und Physik den F\u00e4cherkanon. W\u00f6chentliche gibt es eine Klassenleiterstunde, die dem guten sozialen Miteinander innerhalb der Klasse dient sowie drei Lernzeitstunden, die der Fertigung von Aufgaben im Rahmen der Unterrichtszeit anstelle der herk\u00f6mmlichen Hausaufgaben in den Kernf\u00e4chern dienen.<\/p>\n<p>Neben dem eigentlichen Unterricht bietet das Gymnasium Wanne zur Pausen- und Nachmittagsgestaltung ein gemeinsames Mittagessen in der Mensa, einen Spieleraum, Sportger\u00e4te in der Mittagspause, die Sch\u00fclerbibliothek \u201eLesewanne\u201c, den Pausensport in der Sporthalle sowie verschiedene Arbeitsgemeinschaften an. Besondere Veranstaltungen f\u00fcr die Klassen 5 und 6 sind das Methodenlernen mit Besuch der Stadtbibliothek, der Bunte Nachmittag, die Karnevalsdisco, die Teilnahme am Lesewettbewerb sowie die Bundesjugendspiele.<\/p>\n<p>Gerade in der Erprobungsstufe kann manchmal eine intensive Beratung notwendig sein. Am Gymnasium Wanne finden daher Laufbahnberatungen durch Klassenleitungen, Fachlehrkr\u00e4fte und Erprobungsstufenteam, individuelle Lehrersprechstunden und Elternsprechtage, Informationsveranstaltung zur Wahl der 2. Fremdsprache, pers\u00f6nliche Beratung und Konfliktberatung durch schulpsychologische Beratungskr\u00e4fte und Sozialarbeiter und Beratung bei Lernschwierigkeiten durch das Coaching-Team statt.<\/p>\n<p>Formal bildet die Erprobungsstufe in den Klassen 5 und 6 eine besondere p\u00e4dagogische Einheit. Der \u00dcbergang in die Klasse 6 erfolgt automatisch. Eine Wiederholung der Klasse 5 ist nur auf Antrag der Eltern m\u00f6glich. Am Ende der Klasse 6 &nbsp;bestimmt die Klassenkonferenz \u00fcber die Versetzung. Die Klassen- und Fachlehrer werden aber bei einer Gef\u00e4hrdung der Versetzung immer fr\u00fchzeitig beratend t\u00e4tig. Die maximale Verweildauer in der Erprobungsstufe betr\u00e4gt drei Jahre. Ziel ist, in Zusammenarbeit mit den Eltern die Entscheidung \u00fcber die Eignung f\u00fcr das Gymnasium sicherer zu machen.<\/p>","protected":false},"excerpt":{"rendered":"<p>Koordination: Frau Siekmann und Herr Schmale Das Wichtigste auf einen Blick. Mit dem \u00dcbergang zum Gymnasium \u00e4ndert sich einiges. Die Sch\u00fclerinnen und Sch\u00fcler lernen neue F\u00e4cher und Methoden kennen, sie m\u00fcssen neue Freundschaften schlie\u00dfen,&nbsp; Lehrerinnen und Lehrer sind neu und &hellip; <a href=\"https:\/\/www.gymnasium-wanne.de\/wordpress\/informationen\/schulorganganisation\/erprobungsstufe-klassen-5-und-6\/\">Weiter<\/a><\/p>\n","protected":false},"author":2,"featured_media":0,"parent":239,"menu_order":0,"comment_status":"closed","ping_status":"closed","template":"","meta":{"footnotes":""},"class_list":["post-838","page","type-page","status-publish","hentry"],"publishpress_future_action":{"enabled":false,"date":"2026-05-12 12:47:24","action":"change-status","newStatus":"draft","terms":[],"taxonomy":"","extraData":[]},"publishpress_future_workflow_manual_trigger":{"enabledWorkflows":[]},"_links":{"self":[{"href":"https:\/\/www.gymnasium-wanne.de\/wordpress\/wp-json\/wp\/v2\/pages\/838","targetHints":{"allow":["GET"]}}],"collection":[{"href":"https:\/\/www.gymnasium-wanne.de\/wordpress\/wp-json\/wp\/v2\/pages"}],"about":[{"href":"https:\/\/www.gymnasium-wanne.de\/wordpress\/wp-json\/wp\/v2\/types\/page"}],"author":[{"embeddable":true,"href":"https:\/\/www.gymnasium-wanne.de\/wordpress\/wp-json\/wp\/v2\/users\/2"}],"replies":[{"embeddable":true,"href":"https:\/\/www.gymnasium-wanne.de\/wordpress\/wp-json\/wp\/v2\/comments?post=838"}],"version-history":[{"count":5,"href":"https:\/\/www.gymnasium-wanne.de\/wordpress\/wp-json\/wp\/v2\/pages\/838\/revisions"}],"predecessor-version":[{"id":4560,"href":"https:\/\/www.gymnasium-wanne.de\/wordpress\/wp-json\/wp\/v2\/pages\/838\/revisions\/4560"}],"up":[{"embeddable":true,"href":"https:\/\/www.gymnasium-wanne.de\/wordpress\/wp-json\/wp\/v2\/pages\/239"}],"wp:attachment":[{"href":"https:\/\/www.gymnasium-wanne.de\/wordpress\/wp-json\/wp\/v2\/media?parent=838"}],"curies":[{"name":"wp","href":"https:\/\/api.w.org\/{rel}","templated":true}]}}