{"id":57,"date":"2016-09-12T14:10:54","date_gmt":"2016-09-12T12:10:54","guid":{"rendered":"http:\/\/www.gymnasium-wanne.de\/wordpress\/?page_id=57"},"modified":"2022-10-13T10:10:38","modified_gmt":"2022-10-13T08:10:38","slug":"foerderverein","status":"publish","type":"page","link":"https:\/\/www.gymnasium-wanne.de\/wordpress\/informationen\/gremien\/foerderverein\/","title":{"rendered":"F\u00f6rderverein"},"content":{"rendered":"<h1><\/h1>\n<div><\/div>\n<h2>Der F\u00f6rderverein des Gymnasiums Wanne hilft weiter!<\/h2>\n<p>Der F\u00f6rderverein des Wanner Gymnasiums wurde 1979 gegr\u00fcndet. Die Initiative ging von Eltern, Lehrern und Schulpflegschaft aus. Der Verein sieht seine satzungsm\u00e4\u00dfige Aufgabe darin, die Schule bei Projekten, die der Schultr\u00e4ger, die Stadt Herne, nicht finanziert, zu unterst\u00fctzen und in der Hilfe bei organisatorischen, finanziellen und sonstigen Problemen.<\/p>\n<p>Die Mitgliederzahl setzt sich zusammen aus Eltern, Lehrern, ehemaligen und jetzigen Sch\u00fclern und Freunden der Schule.<br \/>\nDurch Mitgliedsbeitr\u00e4ge und Spenden konnten der Schule bisher ansehnliche Betr\u00e4ge zur Verf\u00fcgung gestellt werden.<\/p>\n<p>Die Verwendung der Beitr\u00e4ge erfolgt z.B. f\u00fcr die Ausstattung der Schule, f\u00fcr Unterrichtsmaterialien, f\u00fcr Arbeitsgemeinschaften, f\u00fcr Schulfahrten und die Schulb\u00fccherei, um nur einige Bereiche zu nennen.<br \/>\nAu\u00dferdem hilft der Verein auf Antrag bed\u00fcrftigen Sch\u00fclern, die an der Fahrt sonst nicht teilnehmen k\u00f6nnten, mit Zusch\u00fcssen bei Schulfahrten.<br \/>\nIm Vorstand befinden sich sowohl Eltern als auch Lehrer. Sitzungen finden regelm\u00e4\u00dfig statt, so dass Anregungen aller Bereiche aufgegriffen und umgesetzt werden k\u00f6nnen.<\/p>\n<p>Anschrift:<br \/>\nDie Anschrift des &#8222;Vereins, der Freunde und F\u00f6rderer und der ehemaligen Sch\u00fclerinnen und Sch\u00fcler des Gymnasiums-Wanne e.V.&#8220; lautet:<\/p>\n<p><strong>F\u00f6rderverein<br \/>\nco. Gymnasium Wanne<br \/>\nGerichtsstrasse 9-11<br \/>\n44649 Herne\u00a0<\/strong><\/p>\n<p>Mitgliedschaft:<br \/>\nIn Zeiten, in denen es der Schule auf Grund fehlender Mittel des Schultr\u00e4gers immer schwerer f\u00e4llt, Initiativen zu ergreifen, ist Eigeninitiative wichtig. Bitte unterst\u00fctzen Sie den F\u00f6rderverein durch Ihre Mitgliedschaft. Mit Ihrem Beitritt helfen Sie und erst mit Ihrer Hilfe kann auch der F\u00f6rderverein weiterhelfen. Alle Ma\u00dfnahmen kommen den Sch\u00fclerinnen und Sch\u00fclern zugute. Der Mindestjahresbetrag betr\u00e4gt 12,-\u20ac. Wenn es Ihnen m\u00f6glich ist, k\u00f6nnen Sie nat\u00fcrlich gern einen h\u00f6heren Betrag zahlen und Ihren Jahresbeitrag damit selbst bestimmen.<\/p>\n<p>Spenden<br \/>\n\u00dcber eine Einzelspende w\u00fcrde sich der F\u00f6rderverein ebenso freuen. Da die Gemeinn\u00fctzigkeit des Vereins anerkannt ist, k\u00f6nnen Sie Ihre Spende steuerlich geltend machen. Als Nachweis bis zu einem Betrag von 200,- \u20ac gen\u00fcgt der \u00dcberweisungsbeleg. Bei h\u00f6heren Betr\u00e4gen erhalten Sie automatisch eine Spendenbest\u00e4tigung zugesandt.<\/p>\n<p><strong>Vielen Dank an Sie, wenn Sie schon Mitglied sind.<\/strong><\/p>\n<p><strong>Unterst\u00fctzen Sie Ihr Kind \u00fcber den F\u00f6rderverein.<br \/>\nKonto des F\u00f6rdervereins bei der Herner Sparkasse:<br \/>\n<\/strong>IBAN DE31432500300000018200<br \/>\nBIC WELADED1HRN<br \/>\nWeitere Information erhalten Sie auch bei den Ansprechpartnern des Vereins oder im Sekretariat.<\/p>\n<table id=\"Tabelle\" border=\"1\" cellspacing=\"1\" cellpadding=\"1\" align=\"left\">\n<tbody>\n<tr>\n<td align=\"left\" valign=\"top\" bgcolor=\"#ffff00\" width=\"210\">Bezeichnung<\/td>\n<td align=\"left\" valign=\"top\" bgcolor=\"#ffff00\" width=\"240\">Name<\/td>\n<\/tr>\n<tr>\n<td align=\"left\" valign=\"top\">1. Vorsitzende<\/td>\n<td align=\"left\" valign=\"top\">Anja Ausmeier<\/td>\n<\/tr>\n<tr>\n<td align=\"left\" valign=\"top\">2. Vorsitzende<\/td>\n<td align=\"left\" valign=\"top\">Chiara Marie Sternitzky<\/td>\n<\/tr>\n<tr>\n<td align=\"left\" valign=\"top\">Kassenwart<\/td>\n<td align=\"left\" valign=\"top\">Sebastian Heinichen<\/td>\n<\/tr>\n<tr>\n<td align=\"left\" valign=\"top\">Schriftf\u00fchrerin<\/td>\n<td align=\"left\" valign=\"top\">Anja Sternitzky<\/td>\n<\/tr>\n<tr>\n<td align=\"left\" valign=\"top\">Kassenpr\u00fcfer<\/td>\n<td align=\"left\" valign=\"top\">Wilfried Hupp<\/td>\n<\/tr>\n<tr>\n<td align=\"left\" valign=\"top\">Kassenpr\u00fcfer<\/td>\n<td align=\"left\" valign=\"top\">Manfred Richlewski<\/td>\n<\/tr>\n<tr>\n<td align=\"left\" valign=\"top\"><\/td>\n<td align=\"left\" valign=\"top\"><\/td>\n<\/tr>\n<tr>\n<td align=\"left\" valign=\"top\"><\/td>\n<td align=\"left\" valign=\"top\"><\/td>\n<\/tr>\n<tr>\n<td align=\"left\" valign=\"top\"><\/td>\n<td align=\"left\" valign=\"top\"><\/td>\n<\/tr>\n<tr>\n<td align=\"left\" valign=\"top\"><\/td>\n<td align=\"left\" valign=\"top\"><\/td>\n<\/tr>\n<tr>\n<td align=\"left\" valign=\"top\"><\/td>\n<td align=\"left\" valign=\"top\"><\/td>\n<\/tr>\n<\/tbody>\n<\/table>\n","protected":false},"excerpt":{"rendered":"<p>Der F\u00f6rderverein des Gymnasiums Wanne hilft weiter! Der F\u00f6rderverein des Wanner Gymnasiums wurde 1979 gegr\u00fcndet. Die Initiative ging von Eltern, Lehrern und Schulpflegschaft aus. Der Verein sieht seine satzungsm\u00e4\u00dfige Aufgabe darin, die Schule bei Projekten, die der Schultr\u00e4ger, die Stadt &hellip; <a href=\"https:\/\/www.gymnasium-wanne.de\/wordpress\/informationen\/gremien\/foerderverein\/\">Weiter<\/a><\/p>\n","protected":false},"author":1,"featured_media":0,"parent":225,"menu_order":0,"comment_status":"closed","ping_status":"closed","template":"","meta":{"footnotes":""},"class_list":["post-57","page","type-page","status-publish","hentry"],"publishpress_future_action":{"enabled":false,"date":"2026-05-12 12:36:05","action":"change-status","newStatus":"draft","terms":[],"taxonomy":"","extraData":[]},"publishpress_future_workflow_manual_trigger":{"enabledWorkflows":[]},"_links":{"self":[{"href":"https:\/\/www.gymnasium-wanne.de\/wordpress\/wp-json\/wp\/v2\/pages\/57","targetHints":{"allow":["GET"]}}],"collection":[{"href":"https:\/\/www.gymnasium-wanne.de\/wordpress\/wp-json\/wp\/v2\/pages"}],"about":[{"href":"https:\/\/www.gymnasium-wanne.de\/wordpress\/wp-json\/wp\/v2\/types\/page"}],"author":[{"embeddable":true,"href":"https:\/\/www.gymnasium-wanne.de\/wordpress\/wp-json\/wp\/v2\/users\/1"}],"replies":[{"embeddable":true,"href":"https:\/\/www.gymnasium-wanne.de\/wordpress\/wp-json\/wp\/v2\/comments?post=57"}],"version-history":[{"count":7,"href":"https:\/\/www.gymnasium-wanne.de\/wordpress\/wp-json\/wp\/v2\/pages\/57\/revisions"}],"predecessor-version":[{"id":3711,"href":"https:\/\/www.gymnasium-wanne.de\/wordpress\/wp-json\/wp\/v2\/pages\/57\/revisions\/3711"}],"up":[{"embeddable":true,"href":"https:\/\/www.gymnasium-wanne.de\/wordpress\/wp-json\/wp\/v2\/pages\/225"}],"wp:attachment":[{"href":"https:\/\/www.gymnasium-wanne.de\/wordpress\/wp-json\/wp\/v2\/media?parent=57"}],"curies":[{"name":"wp","href":"https:\/\/api.w.org\/{rel}","templated":true}]}}