{"id":3625,"date":"2022-05-18T10:29:14","date_gmt":"2022-05-18T08:29:14","guid":{"rendered":"https:\/\/www.gymnasium-wanne.de\/wordpress\/?page_id=3625"},"modified":"2025-11-12T15:27:33","modified_gmt":"2025-11-12T14:27:33","slug":"kollegium","status":"publish","type":"page","link":"https:\/\/www.gymnasium-wanne.de\/wordpress\/informationen\/kollegium\/","title":{"rendered":"Kollegium"},"content":{"rendered":"\n<p class=\"has-text-align-center has-medium-font-size\">Kollegiumsfoto 2025\/26<\/p>\n\n\n\n<figure class=\"wp-block-image size-large\"><img loading=\"lazy\" decoding=\"async\" width=\"1024\" height=\"683\" src=\"https:\/\/www.gymnasium-wanne.de\/wordpress\/wp-content\/uploads\/2025\/11\/IMG_9383-1024x683.jpg\" alt=\"\" class=\"wp-image-4528\" srcset=\"https:\/\/www.gymnasium-wanne.de\/wordpress\/wp-content\/uploads\/2025\/11\/IMG_9383-1024x683.jpg 1024w, https:\/\/www.gymnasium-wanne.de\/wordpress\/wp-content\/uploads\/2025\/11\/IMG_9383-300x200.jpg 300w, https:\/\/www.gymnasium-wanne.de\/wordpress\/wp-content\/uploads\/2025\/11\/IMG_9383-768x512.jpg 768w, https:\/\/www.gymnasium-wanne.de\/wordpress\/wp-content\/uploads\/2025\/11\/IMG_9383-1536x1024.jpg 1536w, https:\/\/www.gymnasium-wanne.de\/wordpress\/wp-content\/uploads\/2025\/11\/IMG_9383-2048x1365.jpg 2048w\" sizes=\"auto, (max-width: 1024px) 100vw, 1024px\" \/><\/figure>\n\n\n\n<p>Anbei finden Sie eine Liste unseres Kollegiums samt unterrichteten F\u00e4chern. <\/p>\n\n\n\n<p>\u00dcber die jeweilige E-Mail Adresse (nachname@gymnasium-wanne.de) k\u00f6nnen Sie jederzeit Kontakt aufnehmen.<\/p>\n\n\n\n<figure class=\"wp-block-table\"><table><tbody><tr><td>Name<\/td><td>F\u00e4cher<\/td><\/tr><tr><td>Frau Abt<\/td><td>Chemie, P\u00e4dagogik<\/td><\/tr><tr><td>Frau Bargel<\/td><td>Englisch, Sport<\/td><\/tr><tr><td>Frau Baumg\u00e4rtner<\/td><td>Chemie, Mathematik<\/td><\/tr><tr><td>Herr Dr. Bruckschen<\/td><td>Informatik, Chemie, Mathematik<\/td><\/tr><tr><td>Frau Chaymowski<\/td><td>Latein, Griechisch, Philosophie<\/td><\/tr><tr><td>Frau Dr. Crede<\/td><td>Englisch, Psychologie<\/td><\/tr><tr><td>Herr Dannert<\/td><td>Englisch, Sport<\/td><\/tr><tr><td>Herr Dombrowski<\/td><td>Mathematik, Physik<\/td><\/tr><tr><td>Frau Fuhrmann<\/td><td>Musik, Deutsch<\/td><\/tr><tr><td>Frau Geide<\/td><td>Deutsch, Kunst<\/td><\/tr><tr><td>Herr Gerkensmeier<\/td><td>Deutsch, Sport<\/td><\/tr><tr><td>Frau G\u00fcnter<\/td><td>Deutsch, Biologie, Musik<\/td><\/tr><tr><td>Frau Heilinger<\/td><td>Sozialwissenschaften, Politik, Erdkunde, Mathematik<\/td><\/tr><tr><td>Herr Hense<\/td><td>Mathematik, Psychologie<\/td><\/tr><tr><td>Frau Janicki<\/td><td>Deutsch, Biologie<\/td><\/tr><tr><td>Frau Jorczik<\/td><td>Deutsch, Erdkunde<\/td><\/tr><tr><td>Frau J\u00fcttner<\/td><td>Sport, Englisch<\/td><\/tr><tr><td>Frau Kokoschka<\/td><td>Sport, Franz\u00f6sisch, Spanisch<\/td><\/tr><tr><td>Frau Dr. Kuhlmann<\/td><td>Biologie, Physik<\/td><\/tr><tr><td>Herr Kukla<\/td><td>Sport, Erdkunde<\/td><\/tr><tr><td>Frau Matkey<\/td><td>Kunst, Erdkunde<\/td><\/tr><tr><td>Frau Meyers<\/td><td>Erdkunde, Mathematik, Sozialwissenschaften, Politik<\/td><\/tr><tr><td>Frau Nadrowski<\/td><td>P\u00e4dagogik, Politik<\/td><\/tr><tr><td>Frau Naulls<\/td><td>Englisch, Deutsch<\/td><\/tr><tr><td>Frau Otten<\/td><td>Deutsch, Sozialwissenschaften, Politik<\/td><\/tr><tr><td>Frau \u00d6zt\u00fcrk<\/td><td>Mathematik, P\u00e4dagogik<\/td><\/tr><tr><td>Herr Querner<\/td><td>Deutsch, Latein<\/td><\/tr><tr><td>Frau Richter<\/td><td>P\u00e4dagogik, Englisch<\/td><\/tr><tr><td>Frau Sahnoune<\/td><td>Franz\u00f6sisch, Deutsch<\/td><\/tr><tr><td>Herr Sartisson<\/td><td>Katholische Religion, Sozialwissenschaften, Politik<\/td><\/tr><tr><td>Herr Schmale<\/td><td>Mathematik, Informatik<\/td><\/tr><tr><td>Herr Schoch<\/td><td>Deutsch, Englisch<\/td><\/tr><tr><td>Herr Seiler<\/td><td>Englisch, Philosophie, Praktische Philosophie<\/td><\/tr><tr><td>Frau Siburg<\/td><td>Biologie, Mathematik<\/td><\/tr><tr><td>Frau Siekmann<\/td><td>Deutsch, Englisch<\/td><\/tr><tr><td>Herr Smolczyk<\/td><td>Erdkunde, Sport<\/td><\/tr><tr><td>Frau Steyman<\/td><td>Englisch, Franz\u00f6sisch<\/td><\/tr><tr><td>Frau Str\u00e4tker<\/td><td>Latein, Geschichte, Evangelische Religion, Kunst<\/td><\/tr><tr><td>Herr Uhlmann<\/td><td>Mathematik, Physik, Kunst<\/td><\/tr><tr><td>Herr Vaske<\/td><td>Biologie, Deutsch<\/td><\/tr><tr><td>Frau Verbeek<\/td><td>Deutsch, Sozialwissenschaften, Politik<\/td><\/tr><tr><td>Frau Vooren<\/td><td>Deutsch, Geschichte<\/td><\/tr><tr><td>Herr Werner<\/td><td>Englisch, Geschichte<\/td><\/tr><tr><td>Frau Worgull<\/td><td>Englisch, Geschichte<\/td><\/tr><\/tbody><\/table><\/figure>\n\n\n\n<p>Nachfolgend einige Fotos verschiedener Fachschaften (nicht alle vollst\u00e4ndig):<\/p>\n\n\n\n<p><strong>Deutsch:<\/strong><\/p>\n\n\n\n<figure class=\"wp-block-image size-large\"><img loading=\"lazy\" decoding=\"async\" width=\"1024\" height=\"683\" src=\"https:\/\/www.gymnasium-wanne.de\/wordpress\/wp-content\/uploads\/2025\/11\/Fachschaft_Deutsch-1024x683.jpg\" alt=\"\" class=\"wp-image-4551\" srcset=\"https:\/\/www.gymnasium-wanne.de\/wordpress\/wp-content\/uploads\/2025\/11\/Fachschaft_Deutsch-1024x683.jpg 1024w, https:\/\/www.gymnasium-wanne.de\/wordpress\/wp-content\/uploads\/2025\/11\/Fachschaft_Deutsch-300x200.jpg 300w, https:\/\/www.gymnasium-wanne.de\/wordpress\/wp-content\/uploads\/2025\/11\/Fachschaft_Deutsch-768x512.jpg 768w, https:\/\/www.gymnasium-wanne.de\/wordpress\/wp-content\/uploads\/2025\/11\/Fachschaft_Deutsch-1536x1024.jpg 1536w, https:\/\/www.gymnasium-wanne.de\/wordpress\/wp-content\/uploads\/2025\/11\/Fachschaft_Deutsch-2048x1365.jpg 2048w\" sizes=\"auto, (max-width: 1024px) 100vw, 1024px\" \/><\/figure>\n\n\n\n<p><strong>Englisch:<\/strong><\/p>\n\n\n\n<figure class=\"wp-block-image size-large\"><img loading=\"lazy\" decoding=\"async\" width=\"1024\" height=\"683\" src=\"https:\/\/www.gymnasium-wanne.de\/wordpress\/wp-content\/uploads\/2025\/11\/Fachschaft_Englisch-1024x683.jpg\" alt=\"\" class=\"wp-image-4552\" srcset=\"https:\/\/www.gymnasium-wanne.de\/wordpress\/wp-content\/uploads\/2025\/11\/Fachschaft_Englisch-1024x683.jpg 1024w, https:\/\/www.gymnasium-wanne.de\/wordpress\/wp-content\/uploads\/2025\/11\/Fachschaft_Englisch-300x200.jpg 300w, https:\/\/www.gymnasium-wanne.de\/wordpress\/wp-content\/uploads\/2025\/11\/Fachschaft_Englisch-768x512.jpg 768w, https:\/\/www.gymnasium-wanne.de\/wordpress\/wp-content\/uploads\/2025\/11\/Fachschaft_Englisch-1536x1024.jpg 1536w, https:\/\/www.gymnasium-wanne.de\/wordpress\/wp-content\/uploads\/2025\/11\/Fachschaft_Englisch-2048x1365.jpg 2048w\" sizes=\"auto, (max-width: 1024px) 100vw, 1024px\" \/><\/figure>\n\n\n\n<p><strong>Sport:<\/strong><\/p>\n\n\n\n<figure class=\"wp-block-image size-large\"><img loading=\"lazy\" decoding=\"async\" width=\"1024\" height=\"683\" src=\"https:\/\/www.gymnasium-wanne.de\/wordpress\/wp-content\/uploads\/2025\/11\/Faschschaft_Sport-1024x683.jpg\" alt=\"\" class=\"wp-image-4553\" srcset=\"https:\/\/www.gymnasium-wanne.de\/wordpress\/wp-content\/uploads\/2025\/11\/Faschschaft_Sport-1024x683.jpg 1024w, https:\/\/www.gymnasium-wanne.de\/wordpress\/wp-content\/uploads\/2025\/11\/Faschschaft_Sport-300x200.jpg 300w, https:\/\/www.gymnasium-wanne.de\/wordpress\/wp-content\/uploads\/2025\/11\/Faschschaft_Sport-768x512.jpg 768w, https:\/\/www.gymnasium-wanne.de\/wordpress\/wp-content\/uploads\/2025\/11\/Faschschaft_Sport-1536x1024.jpg 1536w, https:\/\/www.gymnasium-wanne.de\/wordpress\/wp-content\/uploads\/2025\/11\/Faschschaft_Sport-2048x1365.jpg 2048w\" sizes=\"auto, (max-width: 1024px) 100vw, 1024px\" \/><\/figure>\n\n\n\n<p><strong>Biologie:<\/strong><\/p>\n\n\n\n<figure class=\"wp-block-image size-large\"><img loading=\"lazy\" decoding=\"async\" width=\"1024\" height=\"683\" src=\"https:\/\/www.gymnasium-wanne.de\/wordpress\/wp-content\/uploads\/2025\/11\/Fachschaft_Bio-1024x683.jpg\" alt=\"\" class=\"wp-image-4555\" srcset=\"https:\/\/www.gymnasium-wanne.de\/wordpress\/wp-content\/uploads\/2025\/11\/Fachschaft_Bio-1024x683.jpg 1024w, https:\/\/www.gymnasium-wanne.de\/wordpress\/wp-content\/uploads\/2025\/11\/Fachschaft_Bio-300x200.jpg 300w, https:\/\/www.gymnasium-wanne.de\/wordpress\/wp-content\/uploads\/2025\/11\/Fachschaft_Bio-768x512.jpg 768w, https:\/\/www.gymnasium-wanne.de\/wordpress\/wp-content\/uploads\/2025\/11\/Fachschaft_Bio-1536x1024.jpg 1536w, https:\/\/www.gymnasium-wanne.de\/wordpress\/wp-content\/uploads\/2025\/11\/Fachschaft_Bio-2048x1365.jpg 2048w\" sizes=\"auto, (max-width: 1024px) 100vw, 1024px\" \/><\/figure>\n\n\n\n<p><strong>Musik:<\/strong><\/p>\n\n\n\n<figure class=\"wp-block-image size-large\"><img loading=\"lazy\" decoding=\"async\" width=\"683\" height=\"1024\" src=\"https:\/\/www.gymnasium-wanne.de\/wordpress\/wp-content\/uploads\/2025\/11\/IMG_9556-683x1024.jpg\" alt=\"\" class=\"wp-image-4566\" srcset=\"https:\/\/www.gymnasium-wanne.de\/wordpress\/wp-content\/uploads\/2025\/11\/IMG_9556-683x1024.jpg 683w, https:\/\/www.gymnasium-wanne.de\/wordpress\/wp-content\/uploads\/2025\/11\/IMG_9556-200x300.jpg 200w, https:\/\/www.gymnasium-wanne.de\/wordpress\/wp-content\/uploads\/2025\/11\/IMG_9556-768x1152.jpg 768w, https:\/\/www.gymnasium-wanne.de\/wordpress\/wp-content\/uploads\/2025\/11\/IMG_9556-1024x1536.jpg 1024w, https:\/\/www.gymnasium-wanne.de\/wordpress\/wp-content\/uploads\/2025\/11\/IMG_9556-1365x2048.jpg 1365w, https:\/\/www.gymnasium-wanne.de\/wordpress\/wp-content\/uploads\/2025\/11\/IMG_9556-scaled.jpg 1707w\" sizes=\"auto, (max-width: 683px) 100vw, 683px\" \/><\/figure>\n\n\n\n<p><strong>Sozialwissenschaften:<\/strong><\/p>\n\n\n\n<figure class=\"wp-block-image size-large\"><img loading=\"lazy\" decoding=\"async\" width=\"1024\" height=\"683\" src=\"https:\/\/www.gymnasium-wanne.de\/wordpress\/wp-content\/uploads\/2025\/11\/IMG_9575-1024x683.jpg\" alt=\"\" class=\"wp-image-4567\" srcset=\"https:\/\/www.gymnasium-wanne.de\/wordpress\/wp-content\/uploads\/2025\/11\/IMG_9575-1024x683.jpg 1024w, https:\/\/www.gymnasium-wanne.de\/wordpress\/wp-content\/uploads\/2025\/11\/IMG_9575-300x200.jpg 300w, https:\/\/www.gymnasium-wanne.de\/wordpress\/wp-content\/uploads\/2025\/11\/IMG_9575-768x512.jpg 768w, https:\/\/www.gymnasium-wanne.de\/wordpress\/wp-content\/uploads\/2025\/11\/IMG_9575-1536x1024.jpg 1536w, https:\/\/www.gymnasium-wanne.de\/wordpress\/wp-content\/uploads\/2025\/11\/IMG_9575-2048x1365.jpg 2048w\" sizes=\"auto, (max-width: 1024px) 100vw, 1024px\" \/><\/figure>\n\n\n\n<p><strong>Geschichte:<\/strong><\/p>\n\n\n\n<figure class=\"wp-block-image size-large\"><img loading=\"lazy\" decoding=\"async\" width=\"1024\" height=\"683\" src=\"https:\/\/www.gymnasium-wanne.de\/wordpress\/wp-content\/uploads\/2025\/11\/IMG_9572-1024x683.jpg\" alt=\"\" class=\"wp-image-4568\" srcset=\"https:\/\/www.gymnasium-wanne.de\/wordpress\/wp-content\/uploads\/2025\/11\/IMG_9572-1024x683.jpg 1024w, https:\/\/www.gymnasium-wanne.de\/wordpress\/wp-content\/uploads\/2025\/11\/IMG_9572-300x200.jpg 300w, https:\/\/www.gymnasium-wanne.de\/wordpress\/wp-content\/uploads\/2025\/11\/IMG_9572-768x512.jpg 768w, https:\/\/www.gymnasium-wanne.de\/wordpress\/wp-content\/uploads\/2025\/11\/IMG_9572-1536x1024.jpg 1536w, https:\/\/www.gymnasium-wanne.de\/wordpress\/wp-content\/uploads\/2025\/11\/IMG_9572-2048x1365.jpg 2048w\" sizes=\"auto, (max-width: 1024px) 100vw, 1024px\" \/><\/figure>\n\n\n\n<p><strong>Latein:<\/strong><\/p>\n\n\n\n<figure class=\"wp-block-image size-large\"><img loading=\"lazy\" decoding=\"async\" width=\"1024\" height=\"683\" src=\"https:\/\/www.gymnasium-wanne.de\/wordpress\/wp-content\/uploads\/2025\/11\/IMG_9565-1024x683.jpg\" alt=\"\" class=\"wp-image-4569\" srcset=\"https:\/\/www.gymnasium-wanne.de\/wordpress\/wp-content\/uploads\/2025\/11\/IMG_9565-1024x683.jpg 1024w, https:\/\/www.gymnasium-wanne.de\/wordpress\/wp-content\/uploads\/2025\/11\/IMG_9565-300x200.jpg 300w, https:\/\/www.gymnasium-wanne.de\/wordpress\/wp-content\/uploads\/2025\/11\/IMG_9565-768x512.jpg 768w, https:\/\/www.gymnasium-wanne.de\/wordpress\/wp-content\/uploads\/2025\/11\/IMG_9565-1536x1024.jpg 1536w, https:\/\/www.gymnasium-wanne.de\/wordpress\/wp-content\/uploads\/2025\/11\/IMG_9565-2048x1365.jpg 2048w\" sizes=\"auto, (max-width: 1024px) 100vw, 1024px\" \/><\/figure>\n\n\n\n<p><strong>Franz\u00f6sisch:<\/strong><\/p>\n\n\n\n<figure class=\"wp-block-image size-large\"><img loading=\"lazy\" decoding=\"async\" width=\"1024\" height=\"683\" src=\"https:\/\/www.gymnasium-wanne.de\/wordpress\/wp-content\/uploads\/2025\/11\/IMG_1866-1024x683.jpg\" alt=\"\" class=\"wp-image-4598\" srcset=\"https:\/\/www.gymnasium-wanne.de\/wordpress\/wp-content\/uploads\/2025\/11\/IMG_1866-1024x683.jpg 1024w, https:\/\/www.gymnasium-wanne.de\/wordpress\/wp-content\/uploads\/2025\/11\/IMG_1866-300x200.jpg 300w, https:\/\/www.gymnasium-wanne.de\/wordpress\/wp-content\/uploads\/2025\/11\/IMG_1866-768x512.jpg 768w, https:\/\/www.gymnasium-wanne.de\/wordpress\/wp-content\/uploads\/2025\/11\/IMG_1866-1536x1024.jpg 1536w, https:\/\/www.gymnasium-wanne.de\/wordpress\/wp-content\/uploads\/2025\/11\/IMG_1866-2048x1365.jpg 2048w\" sizes=\"auto, (max-width: 1024px) 100vw, 1024px\" \/><\/figure>\n","protected":false},"excerpt":{"rendered":"<p>Kollegiumsfoto 2025\/26 Anbei finden Sie eine Liste unseres Kollegiums samt unterrichteten F\u00e4chern. \u00dcber die jeweilige E-Mail Adresse (nachname@gymnasium-wanne.de) k\u00f6nnen Sie jederzeit Kontakt aufnehmen. Name F\u00e4cher Frau Abt Chemie, P\u00e4dagogik Frau Bargel Englisch, Sport Frau Baumg\u00e4rtner Chemie, Mathematik Herr Dr. Bruckschen &hellip; <a href=\"https:\/\/www.gymnasium-wanne.de\/wordpress\/informationen\/kollegium\/\">Weiter<\/a><\/p>\n","protected":false},"author":2,"featured_media":0,"parent":55,"menu_order":0,"comment_status":"closed","ping_status":"closed","template":"","meta":{"footnotes":""},"class_list":["post-3625","page","type-page","status-publish","hentry"],"publishpress_future_action":{"enabled":false,"date":"2026-05-12 12:32:10","action":"change-status","newStatus":"draft","terms":[],"taxonomy":"","extraData":[]},"publishpress_future_workflow_manual_trigger":{"enabledWorkflows":[]},"_links":{"self":[{"href":"https:\/\/www.gymnasium-wanne.de\/wordpress\/wp-json\/wp\/v2\/pages\/3625","targetHints":{"allow":["GET"]}}],"collection":[{"href":"https:\/\/www.gymnasium-wanne.de\/wordpress\/wp-json\/wp\/v2\/pages"}],"about":[{"href":"https:\/\/www.gymnasium-wanne.de\/wordpress\/wp-json\/wp\/v2\/types\/page"}],"author":[{"embeddable":true,"href":"https:\/\/www.gymnasium-wanne.de\/wordpress\/wp-json\/wp\/v2\/users\/2"}],"replies":[{"embeddable":true,"href":"https:\/\/www.gymnasium-wanne.de\/wordpress\/wp-json\/wp\/v2\/comments?post=3625"}],"version-history":[{"count":12,"href":"https:\/\/www.gymnasium-wanne.de\/wordpress\/wp-json\/wp\/v2\/pages\/3625\/revisions"}],"predecessor-version":[{"id":4599,"href":"https:\/\/www.gymnasium-wanne.de\/wordpress\/wp-json\/wp\/v2\/pages\/3625\/revisions\/4599"}],"up":[{"embeddable":true,"href":"https:\/\/www.gymnasium-wanne.de\/wordpress\/wp-json\/wp\/v2\/pages\/55"}],"wp:attachment":[{"href":"https:\/\/www.gymnasium-wanne.de\/wordpress\/wp-json\/wp\/v2\/media?parent=3625"}],"curies":[{"name":"wp","href":"https:\/\/api.w.org\/{rel}","templated":true}]}}