{"id":265,"date":"2016-09-19T11:18:48","date_gmt":"2016-09-19T09:18:48","guid":{"rendered":"http:\/\/www.gymnasium-wanne.de\/wordpress\/?page_id=265"},"modified":"2021-03-01T15:55:23","modified_gmt":"2021-03-01T14:55:23","slug":"download-bluej","status":"publish","type":"page","link":"https:\/\/www.gymnasium-wanne.de\/wordpress\/interner-bereich-schueler\/downloads\/download-bluej\/","title":{"rendered":"Download BlueJ"},"content":{"rendered":"<h2>F\u00fcr den Info-Kurs (Sek II):<\/h2>\n<p><a href=\"https:\/\/www.gymnasium-wanne.de\/wordpress\/wp-content\/uploads\/2016\/downloads\/BlueJ422x64.zip\">Download BlueJ4_2_2.zip<\/a> (260MB; neue Version f\u00fcr Windows ab Windows 7, 64 Bit). Die Datei wurde dankenderweise vom Freiherr vom Stein Gymnasium in L\u00fcnen zur Verf\u00fcgung gestellt.<\/p>\n<p>Bei der obigen Installation sind die SuM-Bibliotheken und die neuen Bibliotheken f\u00fcr das Zentralabitur bereits in BlueJ eingebunden. Das Hilfe-Men\u00fc verweist auf entsprechende Seiten im Dateiordner. Die zip-Datei kann auf dem Rechner oder USB-Stick entpackt werden. Eine Installation ist nicht notwendig. Standardm\u00e4\u00dfig sollte die deutschsprachige Men\u00fcf\u00fchrung eingestellt sein.<\/p>\n<p>Diese BlueJ-Installation setzt allerdings die Installation eines Java Development Kits (JDK) voraus. Es sollte das entsprechende Java SDK8 installiert werden, Java 9 wird nicht unterst\u00fctzt. Dies kann im Internet auf den Seiten von <a href=\"https:\/\/www.oracle.com\/technetwork\/java\/javase\/downloads\/jdk8-downloads-2133151.html\" rel=\"alternate\">oracle.com<\/a> f\u00fcr die benutzte Betriebssystemversion (64 Bit) heruntergeladen werden. F\u00fcr die 64 Bit Versionen ist die Datei jdk-8u162-windows-x64.exe, oder neuer, herunterzuladen und zu installieren.<\/p>\n<p>Sollte die oben angegebene Installation Probleme bereiten, m\u00fcssen\u00a0 Java-JDK, BlueJ und die SuM-Bibliotheken separat f\u00fcr das benutzte Betriebssystem installiert werden. Im nachfolgenden Link befinden sich die SuM-Bibliotheken f\u00fcr Windows und Mac und eine Installationsanweisung, die auch die Installation von Java und BlueJ beschreibt. Bei Windows-Rechnern sollten die Bibliotheken im Ordner SumWin 7.1.0 benutzt werden. Auf der Internetseite von BlueJ werden verschiedene Installationsvarianten bereitgestellt. In diese Installationsvariante m\u00fcssen die SuM-Bibliotheken manuell in die BlueJ-Installation eingebunden werden.<\/p>\n<p><a href=\"https:\/\/www.gymnasium-wanne.de\/wordpress\/wp-content\/uploads\/2016\/downloads\/SuMWin.zip\">Download SumWin.zip<\/a><\/p>\n","protected":false},"excerpt":{"rendered":"<p>F\u00fcr den Info-Kurs (Sek II): Download BlueJ4_2_2.zip (260MB; neue Version f\u00fcr Windows ab Windows 7, 64 Bit). Die Datei wurde dankenderweise vom Freiherr vom Stein Gymnasium in L\u00fcnen zur Verf\u00fcgung gestellt. Bei der obigen Installation sind die SuM-Bibliotheken und die &hellip; <a href=\"https:\/\/www.gymnasium-wanne.de\/wordpress\/interner-bereich-schueler\/downloads\/download-bluej\/\">Weiter<\/a><\/p>\n","protected":false},"author":3,"featured_media":0,"parent":259,"menu_order":0,"comment_status":"closed","ping_status":"closed","template":"","meta":{"footnotes":""},"class_list":["post-265","page","type-page","status-publish","hentry"],"publishpress_future_action":{"enabled":false,"date":"2026-05-10 13:45:52","action":"change-status","newStatus":"draft","terms":[],"taxonomy":"","extraData":[]},"publishpress_future_workflow_manual_trigger":{"enabledWorkflows":[]},"_links":{"self":[{"href":"https:\/\/www.gymnasium-wanne.de\/wordpress\/wp-json\/wp\/v2\/pages\/265","targetHints":{"allow":["GET"]}}],"collection":[{"href":"https:\/\/www.gymnasium-wanne.de\/wordpress\/wp-json\/wp\/v2\/pages"}],"about":[{"href":"https:\/\/www.gymnasium-wanne.de\/wordpress\/wp-json\/wp\/v2\/types\/page"}],"author":[{"embeddable":true,"href":"https:\/\/www.gymnasium-wanne.de\/wordpress\/wp-json\/wp\/v2\/users\/3"}],"replies":[{"embeddable":true,"href":"https:\/\/www.gymnasium-wanne.de\/wordpress\/wp-json\/wp\/v2\/comments?post=265"}],"version-history":[{"count":17,"href":"https:\/\/www.gymnasium-wanne.de\/wordpress\/wp-json\/wp\/v2\/pages\/265\/revisions"}],"predecessor-version":[{"id":3169,"href":"https:\/\/www.gymnasium-wanne.de\/wordpress\/wp-json\/wp\/v2\/pages\/265\/revisions\/3169"}],"up":[{"embeddable":true,"href":"https:\/\/www.gymnasium-wanne.de\/wordpress\/wp-json\/wp\/v2\/pages\/259"}],"wp:attachment":[{"href":"https:\/\/www.gymnasium-wanne.de\/wordpress\/wp-json\/wp\/v2\/media?parent=265"}],"curies":[{"name":"wp","href":"https:\/\/api.w.org\/{rel}","templated":true}]}}