{"id":262,"date":"2016-09-19T10:43:47","date_gmt":"2016-09-19T08:43:47","guid":{"rendered":"http:\/\/www.gymnasium-wanne.de\/wordpress\/?page_id=262"},"modified":"2024-11-05T12:57:23","modified_gmt":"2024-11-05T11:57:23","slug":"geschichte","status":"publish","type":"page","link":"https:\/\/www.gymnasium-wanne.de\/wordpress\/informationen\/schulorganganisation\/geschichte\/","title":{"rendered":"Geschichte"},"content":{"rendered":"<h2 class=\"art-postheader\">Kurzer Abriss der Geschichte des Gymnasiums Wanne<\/h2>\n<div class=\"art-postcontent\">\n<div class=\"art-article\">\n<table class=\"visited\" border=\"0\" cellspacing=\"2\" cellpadding=\"5\" align=\"center\">\n<tbody>\n<tr>\n<td scope=\"row\" align=\"left\" valign=\"middle\"><strong>1. April 1907<\/strong><\/td>\n<td valign=\"top\" width=\"\u201e90%\u201c\">Vereinigung der privaten evangelischen h\u00f6heren T\u00f6chter-Schule und der privaten katholischen h\u00f6heren T\u00f6chterschule zur &#8222;\u00f6ffentlichen parit\u00e4tischen M\u00e4dchenschule&#8220;<\/td>\n<\/tr>\n<tr>\n<td valign=\"top\" width=\"\u201e10%\u201c\"><strong>1907<\/strong><\/td>\n<td valign=\"top\" width=\"\u201e90%\u201c\">Grundsteinlegung f\u00fcr den Schulbau Ecke Gerichts- und St\u00f6ckstra\u00dfe<\/td>\n<\/tr>\n<tr align=\"left\" valign=\"middle\">\n<td valign=\"middle\"><strong>1908<\/strong><\/td>\n<td valign=\"top\" width=\"\u201e90%\u201c\" height=\"133\">Fertigstellung und Bezug des Schulgeb\u00e4udes<\/td>\n<\/tr>\n<tr>\n<td valign=\"top\" width=\"\u201e10%\u201c\"><strong>1912<\/strong><\/td>\n<td valign=\"top\" width=\"\u201e90%\u201c\">Anerkennung als und Umbenennung in &#8222;Lyzeum&#8220; (Klassen 5 &#8211; 10)<\/td>\n<\/tr>\n<tr>\n<td valign=\"top\" width=\"\u201e10%\u201c\"><strong>1926<\/strong><\/td>\n<td valign=\"top\" width=\"\u201e90%\u201c\">Erweiterung des Lyzeums zum &#8222;Oberlyzeum der Stadt Wanne-Eickel&#8220; (Klassen 5 &#8211; 13)<\/td>\n<\/tr>\n<tr>\n<td valign=\"top\" width=\"\u201e10%\u201c\"><strong>1929<\/strong><\/td>\n<td valign=\"top\" width=\"\u201e90%\u201c\">erste Reifepr\u00fcfung (Abitur)<\/td>\n<\/tr>\n<tr>\n<td valign=\"top\" width=\"\u201e10%\u201c\"><strong>1938<\/strong><\/td>\n<td valign=\"top\" width=\"\u201e90%\u201c\">Umbenennung der Schule in &#8222;Oberschule f\u00fcr M\u00e4dchen &#8211; sprachliche Form &#8211; Wanne-Eickel&#8220;<\/td>\n<\/tr>\n<tr>\n<td valign=\"top\" width=\"\u201e10%\u201c\"><strong>April 1941 &#8211;<br \/>\nOkt. 1941<\/strong><\/td>\n<td valign=\"middle\" width=\"\u201e90%\u201c\">Auslagerung der Klassen 5 &#8211; 9 nach Pystian in der Slowakei wegen des Bombenkrieges<\/td>\n<\/tr>\n<tr>\n<td valign=\"top\" width=\"\u201e10%\u201c\"><strong>August 1943<\/strong><\/td>\n<td valign=\"top\" width=\"\u201e90%\u201c\">Auslagerung der gesamten Schule nach Reichenberg im Sudetenland<\/td>\n<\/tr>\n<tr>\n<td valign=\"top\" width=\"\u201e10%\u201c\"><strong>M\u00e4rz 1945<\/strong><\/td>\n<td valign=\"top\" width=\"\u201e90%\u201c\">Verlagerung der Schule vor der anr\u00fcckenden Roten Armee nach Schlo\u00df Fuchsm\u00fchl und Waldsassen in der Oberpfalz<\/td>\n<\/tr>\n<tr>\n<td valign=\"top\" width=\"\u201e10%\u201c\"><strong>Juni 1945<\/strong><\/td>\n<td valign=\"top\" width=\"\u201e90%\u201c\">R\u00fcckf\u00fchrung der Sch\u00fclerinnen nach Wanne-Eickel<\/td>\n<\/tr>\n<tr>\n<td valign=\"top\" width=\"\u201e10%\u201c\"><strong>Januar 1946<\/strong><\/td>\n<td valign=\"top\" width=\"\u201e90%\u201c\">Wiederaufnahme des Schulbetriebs mit einem Sonderlehrgang f\u00fcr Kriegsabiturientinnen und -abiturienten<\/td>\n<\/tr>\n<tr>\n<td valign=\"top\" width=\"\u201e10%\u201c\"><strong>Februar 1946<\/strong><\/td>\n<td valign=\"top\" width=\"\u201e90%\u201c\">Wiederaufnahme des gesamten Schulbetriebs in faktischer Vereinigung mit der Eickeler Jungenoberschule (Schichtunterricht im Geb\u00e4ude Gerichtsstr.\/St\u00f6ckstr. unter einheitlicher Schulleitung)<\/td>\n<\/tr>\n<tr>\n<td valign=\"top\" width=\"\u201e10%\u201c\"><strong>April 1949<\/strong><\/td>\n<td valign=\"top\" width=\"\u201e90%\u201c\">organisatorische (Wieder-)Trennung der M\u00e4dchen- und der Jungenoberschule, R\u00fcckkehr der Jungenoberschule in ihr wiederhergestelltes Geb\u00e4ude in der Kurhausstra\u00dfe in Eickel<\/td>\n<\/tr>\n<tr>\n<td valign=\"top\" width=\"\u201e10%\u201c\"><strong>1950<\/strong><\/td>\n<td valign=\"top\" width=\"\u201e90%\u201c\">Umorganisation und Umbenennung in &#8222;St\u00e4dtisches Neusprachliches M\u00e4dchengymnasium Wanne-Eickel&#8220;<\/td>\n<\/tr>\n<tr>\n<td valign=\"top\" width=\"\u201e10%\u201c\"><strong>1952<\/strong><\/td>\n<td valign=\"top\" width=\"\u201e90%\u201c\">Er\u00f6ffnung des Schulzweigs &#8222;Frauenoberschule&#8220; (Klassen 7 &#8211; 10)<\/td>\n<\/tr>\n<tr>\n<td valign=\"top\" width=\"\u201e10%\u201c\"><strong>1960<\/strong><\/td>\n<td valign=\"top\" width=\"\u201e90%\u201c\">Teilabbruch des alten Schulgeb\u00e4udes (Geb\u00e4udefl\u00fcgel an der Gerichtsstra\u00dfe: Turnhalle, Aula und Hausmeisterhaus); Neuerrichtung des Klassentrakts an der Gerichtsstra\u00dfe, der Turn- und Gymnastikhalle auf dem Schulhof, Umbau des Geb\u00e4udefl\u00fcgels an der St\u00f6ckstra\u00dfe zum Fachraum- und Verwaltungstrakt sowie Aufsetzen der neuen Aula<\/td>\n<\/tr>\n<tr align=\"left\" valign=\"middle\">\n<td width=\"20%\"><strong>1962<\/strong><\/td>\n<td width=\"85%\">\n<div>Bezug des neuen Schulgeb\u00e4udes an alter Stelle<\/div>\n<\/td>\n<\/tr>\n<tr>\n<td valign=\"top\" width=\"\u201e10%\u201c\"><strong> 1966<\/strong><\/td>\n<td valign=\"top\" width=\"\u201e90%\u201c\">Umbenennung des Schulzweigs &#8222;Frauenoberschule&#8220; in &#8222;Gymnasium f\u00fcr Frauenbildung&#8220;<\/td>\n<\/tr>\n<tr>\n<td valign=\"top\" width=\"\u201e10%\u201c\"><strong>1971<\/strong><\/td>\n<td valign=\"top\" width=\"\u201e90%\u201c\">Aufgabe des Schulzweigs &#8222;Gymnasium f\u00fcr Frauenbildung&#8220;; Beginn des Aufbaus des Schulzweigs &#8222;Sozialwissenschaftliches Gymnasium&#8220; (Klassen 11 &#8211; 13)<\/td>\n<\/tr>\n<tr>\n<td valign=\"top\" width=\"\u201e10%\u201c\"><strong>1974<\/strong><\/td>\n<td valign=\"top\" width=\"\u201e90%\u201c\">&#8211; Einf\u00fchrung der &#8222;enttypisierten Mittelstufe&#8220;; damit Aufgabe der bisherigen Schulzweige &#8222;Neusprachliches M\u00e4dchengymnasium&#8220; und sozial-wissenschaftliches Gymnasium&#8220;<br \/>\n&#8211; Einf\u00fchrung der Reformierten Gymnasialen Oberstufe (Kurssystem)<\/td>\n<\/tr>\n<tr>\n<td valign=\"top\" width=\"\u201e10%\u201c\"><strong>1975<\/strong><\/td>\n<td valign=\"top\" width=\"\u201e90%\u201c\">Umbenennung in &#8222;St\u00e4dtisches Gymnasium an der Gerichtsstra\u00dfe&#8220;<\/td>\n<\/tr>\n<tr>\n<td valign=\"top\" width=\"\u201e10%\u201c\"><strong>1976<\/strong><\/td>\n<td valign=\"top\" width=\"\u201e90%\u201c\">Einf\u00fchrung der Koedukation<\/td>\n<\/tr>\n<tr>\n<td valign=\"top\" width=\"\u201e10%\u201c\"><strong>1977<\/strong><\/td>\n<td valign=\"top\" width=\"\u201e90%\u201c\">&#8211; erste Abiturpr\u00fcfung im Kurssystem<br \/>\n&#8211; Umbenennung in &#8222;Gymnasium Wanne&#8220;<\/td>\n<\/tr>\n<tr>\n<td valign=\"top\"><strong>1988<\/strong><\/td>\n<td valign=\"top\">Einf\u00fchrung des Sch\u00fclerbetriebspraktikums in der Jahrgangsstufe 11<\/td>\n<\/tr>\n<tr>\n<td valign=\"top\"><strong>1998<\/strong><\/td>\n<td valign=\"top\">Schulfhofbegr\u00fcnung durch Sch\u00fcler, Eltern und Lehrer<\/td>\n<\/tr>\n<tr>\n<td valign=\"top\"><strong>2000<\/strong><\/td>\n<td valign=\"top\">Aufnahme der f\u00fcnft\u00e4gigen Projektes &#8222;Methodentraining&#8220; f\u00fcr die Jgst. 5 in das Schulgrogramm (sp\u00e4ter auch f\u00fcr die 7. und 9. Jgst.)<\/td>\n<\/tr>\n<tr>\n<td valign=\"top\"><strong>2002<\/strong><\/td>\n<td valign=\"top\">&#8211; erste Gedenkfeier anl\u00e4sslich des KZ-Lagers in Auschwitz.<br \/>\n&#8211; Start des nachmitt\u00e4glichen Betreuungs- und F\u00f6rderangebotes (BeF\u00f6 16) f\u00fcr Sch\u00fclerinnen und Sch\u00fcler der Klasse 5 (seit 2003 auch f\u00fcr Klasse 6)<\/td>\n<\/tr>\n<tr>\n<td valign=\"top\"><strong>2005<\/strong><\/td>\n<td valign=\"top\">&#8211; komplette Erneuerung der Jungen- und M\u00e4dchentoiletten.<br \/>\n&#8211; Beginn der Fenster- und Fassadenerneuerung (zuerst an der Front zur Gerichtsstr., 2006 Beginn der Arbeiten an der Front zur St\u00f6ckstra\u00dfe)<\/td>\n<\/tr>\n<tr>\n<td valign=\"top\"><strong>2007<\/strong><\/td>\n<td valign=\"top\">100-j\u00e4hriges Schuljubil\u00e4um<\/td>\n<\/tr>\n<tr>\n<td><strong>2008<\/strong><\/td>\n<td>Er\u00f6ffnung des Sch\u00fclercaf\u00e9s &#8222;Breakpoint&#8220;<\/td>\n<\/tr>\n<tr>\n<td><strong>2009<\/strong><\/td>\n<td>Einf\u00fchrung des gebundenen Ganztages<\/td>\n<\/tr>\n<tr>\n<td><strong>2009-2011<\/strong><\/td>\n<td>&#8211; Renovierung der Turnhallen und der naturwissenschaftlichen R\u00e4ume<br \/>\n&#8211; Fortf\u00fchrung der Fenster- und Fassadenerneuerung (R\u00fcckseite der Gerichtsstr.)<\/td>\n<\/tr>\n<tr>\n<td><strong>2011<\/strong><\/td>\n<td>Bau der Mensa<\/td>\n<\/tr>\n<\/tbody>\n<\/table>\n<\/div>\n<\/div>\n","protected":false},"excerpt":{"rendered":"<p>Kurzer Abriss der Geschichte des Gymnasiums Wanne 1. April 1907 Vereinigung der privaten evangelischen h\u00f6heren T\u00f6chter-Schule und der privaten katholischen h\u00f6heren T\u00f6chterschule zur &#8222;\u00f6ffentlichen parit\u00e4tischen M\u00e4dchenschule&#8220; 1907 Grundsteinlegung f\u00fcr den Schulbau Ecke Gerichts- und St\u00f6ckstra\u00dfe 1908 Fertigstellung und Bezug des &hellip; <a href=\"https:\/\/www.gymnasium-wanne.de\/wordpress\/informationen\/schulorganganisation\/geschichte\/\">Weiter<\/a><\/p>\n","protected":false},"author":3,"featured_media":0,"parent":239,"menu_order":0,"comment_status":"closed","ping_status":"closed","template":"","meta":{"footnotes":""},"class_list":["post-262","page","type-page","status-publish","hentry"],"publishpress_future_action":{"enabled":false,"date":"2026-05-12 10:33:24","action":"change-status","newStatus":"draft","terms":[],"taxonomy":"","extraData":[]},"publishpress_future_workflow_manual_trigger":{"enabledWorkflows":[]},"_links":{"self":[{"href":"https:\/\/www.gymnasium-wanne.de\/wordpress\/wp-json\/wp\/v2\/pages\/262","targetHints":{"allow":["GET"]}}],"collection":[{"href":"https:\/\/www.gymnasium-wanne.de\/wordpress\/wp-json\/wp\/v2\/pages"}],"about":[{"href":"https:\/\/www.gymnasium-wanne.de\/wordpress\/wp-json\/wp\/v2\/types\/page"}],"author":[{"embeddable":true,"href":"https:\/\/www.gymnasium-wanne.de\/wordpress\/wp-json\/wp\/v2\/users\/3"}],"replies":[{"embeddable":true,"href":"https:\/\/www.gymnasium-wanne.de\/wordpress\/wp-json\/wp\/v2\/comments?post=262"}],"version-history":[{"count":2,"href":"https:\/\/www.gymnasium-wanne.de\/wordpress\/wp-json\/wp\/v2\/pages\/262\/revisions"}],"predecessor-version":[{"id":4251,"href":"https:\/\/www.gymnasium-wanne.de\/wordpress\/wp-json\/wp\/v2\/pages\/262\/revisions\/4251"}],"up":[{"embeddable":true,"href":"https:\/\/www.gymnasium-wanne.de\/wordpress\/wp-json\/wp\/v2\/pages\/239"}],"wp:attachment":[{"href":"https:\/\/www.gymnasium-wanne.de\/wordpress\/wp-json\/wp\/v2\/media?parent=262"}],"curies":[{"name":"wp","href":"https:\/\/api.w.org\/{rel}","templated":true}]}}