{"id":259,"date":"2016-09-19T10:40:11","date_gmt":"2016-09-19T08:40:11","guid":{"rendered":"http:\/\/www.gymnasium-wanne.de\/wordpress\/?page_id=259"},"modified":"2025-03-17T17:28:09","modified_gmt":"2025-03-17T16:28:09","slug":"downloads","status":"publish","type":"page","link":"https:\/\/www.gymnasium-wanne.de\/wordpress\/interner-bereich-schueler\/downloads\/","title":{"rendered":"Downloads"},"content":{"rendered":"<p>Wichtige Formulare und Medien k\u00f6nnen mit den nachstehenden Links heruntergeladen werden. S\u00e4mtliche pdf-Dateien m\u00fcssen lokal gespeichert werden. Dies gilt besonders f\u00fcr das interaktive Formular f\u00fcr den Praktikumsbericht. Dies kann nicht online ausgef\u00fcllt werden.<\/p>\n<ul>\n<li class=\"item-153\"><a href=\"https:\/\/www.gymnasium-wanne.de\/wordpress\/wp-content\/uploads\/2016\/downloads\/nutzungsordnung.pdf\" target=\"_blank\" rel=\"noopener noreferrer\">Nutzungsordnung Computerr\u00e4ume<\/a><\/li>\n<li class=\"item-154\"><a href=\"https:\/\/www.gymnasium-wanne.de\/wordpress\/wp-content\/uploads\/2016\/downloads\/klausur-nachschreiben.pdf\" target=\"_blank\" rel=\"noopener noreferrer\">Antrag Klausur nachschreiben<\/a><\/li>\n<li class=\"item-342\"><a href=\"https:\/\/www.gymnasium-wanne.de\/wordpress\/wp-content\/uploads\/2016\/downloads\/KurswahlbogenEF.pdf\" target=\"_blank\" rel=\"noopener noreferrer\">Kurswahlbogen EF<\/a><\/li>\n<li class=\"item-343\"><a href=\"https:\/\/www.gymnasium-wanne.de\/wordpress\/wp-content\/uploads\/2016\/downloads\/Formular_Praktikumsbericht.pdf\" target=\"_blank\" rel=\"noopener noreferrer\">Formular Praktikumsbericht EF<\/a><\/li>\n<li><a href=\"https:\/\/www.gymnasium-wanne.de\/wordpress\/wp-content\/uploads\/downloads\/Formular_Praktikumsplatz.pdf\">Formular Praktikumsplatz EF<\/a><\/li>\n<li><a href=\"https:\/\/www.gymnasium-wanne.de\/wordpress\/wp-content\/uploads\/downloads\/Formular_BFE.pdf\">Formular Berufsfelderkundung Jgst. 8<\/a><\/li>\n<li class=\"item-155\"><a href=\"https:\/\/www.gymnasium-wanne.de\/wordpress\/downloads\/download-bluej\/\" target=\"_blank\" rel=\"noopener noreferrer\">Download BlueJ<\/a><\/li>\n<li class=\"item-182\"><a href=\"https:\/\/www.gymnasium-wanne.de\/wordpress\/wp-content\/uploads\/2016\/downloads\/LuPO_NRW_SV.exe\">Download &#8222;Lupo&#8220;<\/a><\/li>\n<li class=\"item-182\"><a href=\"https:\/\/www.gymnasium-wanne.de\/wordpress\/wp-content\/uploads\/2016\/downloads\/Mustermann_Max_09_EF.1.lpo\">Musterdatei zu Lupo<\/a><\/li>\n<li><a href=\"\/wordpress\/wp-content\/uploads\/2016\/downloads\/LuPO Details zu den F\u00e4cherwahlen.pdf\">Lupo Details zu den F\u00e4cherwahlen<\/a><\/li>\n<li class=\"item-182\"><a href=\"https:\/\/www.gymnasium-wanne.de\/wordpress\/wp-content\/uploads\/2016\/downloads\/LuPOAnleitungSchueler.pdf\">Bedienungsanleitung LUPO<\/a><\/li>\n<li class=\"item-182\"><a href=\"https:\/\/www.gymnasium-wanne.de\/wordpress\/wp-content\/uploads\/2016\/downloads\/BroschuereOberstufe 2025.pdf\" target=\"_blank\" rel=\"noopener noreferrer\">Info-Brosch\u00fcre Oberstufe<\/a><\/li>\n<li><img loading=\"lazy\" decoding=\"async\" class=\"alignnone size-full wp-image-4353\" src=\"https:\/\/www.gymnasium-wanne.de\/wordpress\/wp-content\/uploads\/2025\/03\/QR-Code-Broschuere-Oberstufe.png\" alt=\"\" width=\"300\" height=\"300\" srcset=\"https:\/\/www.gymnasium-wanne.de\/wordpress\/wp-content\/uploads\/2025\/03\/QR-Code-Broschuere-Oberstufe.png 300w, https:\/\/www.gymnasium-wanne.de\/wordpress\/wp-content\/uploads\/2025\/03\/QR-Code-Broschuere-Oberstufe-150x150.png 150w\" sizes=\"auto, (max-width: 300px) 100vw, 300px\" \/><\/li>\n<li><a href=\"https:\/\/www.gymnasium-wanne.de\/wordpress\/wp-content\/uploads\/2016\/downloads\/ElterninformationOberstufeG8GyWan.pdf\">Informationen zur gymnasialen Oberstufe am Gymnasium Wanne<\/a><\/li>\n<li><a href=\"https:\/\/www.gymnasium-wanne.de\/wordpress\/wp-content\/uploads\/2016\/downloads\/Infobrief f\u00fcr Einrichtungen.pdf\">Infobrief Sozialpraktikum f. Einrichtungen<\/a><\/li>\n<li><a href=\"https:\/\/www.gymnasium-wanne.de\/wordpress\/wp-content\/uploads\/2016\/downloads\/BewertungSozialpraktikum.pdf\">Bewertung Sozialpraktikum<\/a><\/li>\n<li><a href=\"\/wordpress\/wp-content\/uploads\/downloads\/vektorenGTR.mp4\">Vektorrechnung mit dem GTR<\/a><\/li>\n<li><a href=\"\/wordpress\/wp-content\/uploads\/2023\/05\/Abst\u00e4nde.pdf\">F\u00fcr den Mathe-LK: Abstandsberechnung im R\u00b3<\/a><\/li>\n<\/ul>\n\n\n<p><\/p>\n","protected":false},"excerpt":{"rendered":"<p>Wichtige Formulare und Medien k\u00f6nnen mit den nachstehenden Links heruntergeladen werden. S\u00e4mtliche pdf-Dateien m\u00fcssen lokal gespeichert werden. Dies gilt besonders f\u00fcr das interaktive Formular f\u00fcr den Praktikumsbericht. Dies kann nicht online ausgef\u00fcllt werden. Nutzungsordnung Computerr\u00e4ume Antrag Klausur nachschreiben Kurswahlbogen EF &hellip; <a href=\"https:\/\/www.gymnasium-wanne.de\/wordpress\/interner-bereich-schueler\/downloads\/\">Weiter<\/a><\/p>\n","protected":false},"author":3,"featured_media":0,"parent":38,"menu_order":0,"comment_status":"closed","ping_status":"closed","template":"","meta":{"footnotes":""},"class_list":["post-259","page","type-page","status-publish","hentry"],"publishpress_future_action":{"enabled":false,"date":"2026-05-10 12:42:11","action":"change-status","newStatus":"draft","terms":[],"taxonomy":"","extraData":[]},"publishpress_future_workflow_manual_trigger":{"enabledWorkflows":[]},"_links":{"self":[{"href":"https:\/\/www.gymnasium-wanne.de\/wordpress\/wp-json\/wp\/v2\/pages\/259","targetHints":{"allow":["GET"]}}],"collection":[{"href":"https:\/\/www.gymnasium-wanne.de\/wordpress\/wp-json\/wp\/v2\/pages"}],"about":[{"href":"https:\/\/www.gymnasium-wanne.de\/wordpress\/wp-json\/wp\/v2\/types\/page"}],"author":[{"embeddable":true,"href":"https:\/\/www.gymnasium-wanne.de\/wordpress\/wp-json\/wp\/v2\/users\/3"}],"replies":[{"embeddable":true,"href":"https:\/\/www.gymnasium-wanne.de\/wordpress\/wp-json\/wp\/v2\/comments?post=259"}],"version-history":[{"count":26,"href":"https:\/\/www.gymnasium-wanne.de\/wordpress\/wp-json\/wp\/v2\/pages\/259\/revisions"}],"predecessor-version":[{"id":4355,"href":"https:\/\/www.gymnasium-wanne.de\/wordpress\/wp-json\/wp\/v2\/pages\/259\/revisions\/4355"}],"up":[{"embeddable":true,"href":"https:\/\/www.gymnasium-wanne.de\/wordpress\/wp-json\/wp\/v2\/pages\/38"}],"wp:attachment":[{"href":"https:\/\/www.gymnasium-wanne.de\/wordpress\/wp-json\/wp\/v2\/media?parent=259"}],"curies":[{"name":"wp","href":"https:\/\/api.w.org\/{rel}","templated":true}]}}