{"id":255,"date":"2016-09-19T10:33:27","date_gmt":"2016-09-19T08:33:27","guid":{"rendered":"http:\/\/www.gymnasium-wanne.de\/wordpress\/?page_id=255"},"modified":"2024-06-07T12:29:08","modified_gmt":"2024-06-07T10:29:08","slug":"schulpsychologische-beratung","status":"publish","type":"page","link":"https:\/\/www.gymnasium-wanne.de\/wordpress\/schulpsychologische-beratung\/","title":{"rendered":"Das Krisenteam am Gymnasium Wanne"},"content":{"rendered":"\n<h2 class=\"wp-block-heading\">Gemeinsam durch schwierige Zeiten<\/h2>\n\n\n\n<figure class=\"wp-block-image size-large\"><img loading=\"lazy\" decoding=\"async\" width=\"1024\" height=\"1024\" src=\"https:\/\/www.gymnasium-wanne.de\/wordpress\/wp-content\/uploads\/2021\/05\/Krisenteam-1024x1024.jpg\" alt=\"\" class=\"wp-image-3277\" srcset=\"https:\/\/www.gymnasium-wanne.de\/wordpress\/wp-content\/uploads\/2021\/05\/Krisenteam-1024x1024.jpg 1024w, https:\/\/www.gymnasium-wanne.de\/wordpress\/wp-content\/uploads\/2021\/05\/Krisenteam-300x300.jpg 300w, https:\/\/www.gymnasium-wanne.de\/wordpress\/wp-content\/uploads\/2021\/05\/Krisenteam-150x150.jpg 150w, https:\/\/www.gymnasium-wanne.de\/wordpress\/wp-content\/uploads\/2021\/05\/Krisenteam-768x768.jpg 768w, https:\/\/www.gymnasium-wanne.de\/wordpress\/wp-content\/uploads\/2021\/05\/Krisenteam-144x144.jpg 144w, https:\/\/www.gymnasium-wanne.de\/wordpress\/wp-content\/uploads\/2021\/05\/Krisenteam-50x50.jpg 50w, https:\/\/www.gymnasium-wanne.de\/wordpress\/wp-content\/uploads\/2021\/05\/Krisenteam.jpg 1080w\" sizes=\"auto, (max-width: 1024px) 100vw, 1024px\" \/><\/figure>\n\n\n\n<p>Liebe Sch\u00fclerinnen und Sch\u00fcler,<\/p>\n\n\n\n<p>das <strong>Gymnasium Wanne<\/strong> m\u00f6chte f\u00fcr euch nicht nur ein Ort des Lernens, sondern vielmehr ein <strong>Lebensort<\/strong> sein, an dem ihr euch jederzeit willkommen, sicher und verstanden f\u00fchlt. \u2665\ufe0f<\/p>\n\n\n\n<p>Jeder von uns hat schon einmal Situationen erlebt, in denen man sich gew\u00fcnscht h\u00e4tte, auf ein offenes Ohr zu sto\u00dfen und Rat oder Unterst\u00fctzung zu erhalten.<\/p>\n\n\n\n<p>Genau aus diesem Grund gibt es uns, das Krisenteam des Gymnasiums Wanne.<\/p>\n\n\n\n<p>Wir sind grunds\u00e4tzlich daf\u00fcr da, um Krisen \u2013 sofern es in unserer Macht steht \u2013 vorzubeugen, indem wir Schutzma\u00dfnahmen, Aufkl\u00e4rungs- und Unterst\u00fctzungsangebote sowie Pr\u00e4ventionsteams an unserer Schule etablieren. Dazu geh\u00f6ren z.B. die Streitschlichter, die Medienscouts, Anti-Mobbing-Aktionen, Klassenleiterstunden, usw.<\/p>\n\n\n\n<p>Sollte jedoch trotzdem eine schwierige Situation auftreten, die euer Leben auf den Kopf stellt, so versuchen wir alles, um euch zu helfen.<\/p>\n\n\n\n<p>Damit wir euch aber \u00fcberhaupt unterst\u00fctzen und f\u00fcr euch da sein k\u00f6nnen, ist es wichtig, dass ihr uns von euren Sorgen erz\u00e4hlt. Diese Sorgen k\u00f6nnen ganz unterschiedlich sein: schlechte Noten, Konflikte mit euren Mitsch\u00fcler:innen oder Eltern, Versetzungsgef\u00e4hrdung, Probleme in den Sozialen Netzwerken, Zukunfts\u00e4ngste, Nachrichten, die euch traurig oder Angst machen, u.v.m..<\/p>\n\n\n\n<p>Darum fasst euch ein Herz \u2665\ufe0f und habt Mut, mit uns zu reden! Wendet euch an einen Erwachsenen eures Vertrauens: An den\/die Klassenlehrer:in, an eine:n besonderen Fachlehrer:in, an die SV-Lehrkr\u00e4fte, an unsere Sozialp\u00e4dagogen, an Herrn G\u00fcng\u00f6r oder wem ihr auch immer vertraut! Dar\u00fcber hinaus k\u00f6nnt ihr euch nat\u00fcrlich auch direkt an die Mitglieder des Krisenteams wenden!<\/p>\n\n\n\n<p>Gemeinsam finden wir einen Weg, um die Krise zu \u00fcberwinden. Wir lassen euch nicht allein!<\/p>\n\n\n\n<p>Euer Krisenteam am Gymnasium Wanne<\/p>\n\n\n\n<p>Aktuell befinden sich folgende Lehrer:innen im Krisenteam:<\/p>\n\n\n\n<p><em>Frau <\/em><em>Birr, Frau Chaymowski, Frau Fuhrmann, Herr Graewert, Frau G\u00fcnter, Herr Hense, Frau Janicki, Frau J\u00fcttner, Frau Kuhlmann, Herr Kukla, Frau Meyers, Frau Nadrowski, Frau Otten, Frau \u00d6zt\u00fcrk, Frau Sahnoune, Frau Schmidt, Herr Seiler, Frau Siekmann, Frau Str\u00e4tker und Herr Querner.<\/em><\/p>\n\n\n\n<p><\/p>\n","protected":false},"excerpt":{"rendered":"<p>Gemeinsam durch schwierige Zeiten Liebe Sch\u00fclerinnen und Sch\u00fcler, das Gymnasium Wanne m\u00f6chte f\u00fcr euch nicht nur ein Ort des Lernens, sondern vielmehr ein Lebensort sein, an dem ihr euch jederzeit willkommen, sicher und verstanden f\u00fchlt. \u2665\ufe0f Jeder von uns hat &hellip; <a href=\"https:\/\/www.gymnasium-wanne.de\/wordpress\/schulpsychologische-beratung\/\">Weiter<\/a><\/p>\n","protected":false},"author":1,"featured_media":0,"parent":0,"menu_order":0,"comment_status":"closed","ping_status":"closed","template":"","meta":{"footnotes":""},"class_list":["post-255","page","type-page","status-publish","hentry"],"publishpress_future_action":{"enabled":false,"date":"2026-05-12 10:33:13","action":"change-status","newStatus":"draft","terms":[],"taxonomy":"","extraData":[]},"publishpress_future_workflow_manual_trigger":{"enabledWorkflows":[]},"_links":{"self":[{"href":"https:\/\/www.gymnasium-wanne.de\/wordpress\/wp-json\/wp\/v2\/pages\/255","targetHints":{"allow":["GET"]}}],"collection":[{"href":"https:\/\/www.gymnasium-wanne.de\/wordpress\/wp-json\/wp\/v2\/pages"}],"about":[{"href":"https:\/\/www.gymnasium-wanne.de\/wordpress\/wp-json\/wp\/v2\/types\/page"}],"author":[{"embeddable":true,"href":"https:\/\/www.gymnasium-wanne.de\/wordpress\/wp-json\/wp\/v2\/users\/1"}],"replies":[{"embeddable":true,"href":"https:\/\/www.gymnasium-wanne.de\/wordpress\/wp-json\/wp\/v2\/comments?post=255"}],"version-history":[{"count":14,"href":"https:\/\/www.gymnasium-wanne.de\/wordpress\/wp-json\/wp\/v2\/pages\/255\/revisions"}],"predecessor-version":[{"id":4186,"href":"https:\/\/www.gymnasium-wanne.de\/wordpress\/wp-json\/wp\/v2\/pages\/255\/revisions\/4186"}],"wp:attachment":[{"href":"https:\/\/www.gymnasium-wanne.de\/wordpress\/wp-json\/wp\/v2\/media?parent=255"}],"curies":[{"name":"wp","href":"https:\/\/api.w.org\/{rel}","templated":true}]}}