{"id":233,"date":"2016-09-15T18:32:41","date_gmt":"2016-09-15T16:32:41","guid":{"rendered":"http:\/\/www.gymnasium-wanne.de\/wordpress\/?page_id=233"},"modified":"2017-08-27T15:36:43","modified_gmt":"2017-08-27T13:36:43","slug":"schulcharta","status":"publish","type":"page","link":"https:\/\/www.gymnasium-wanne.de\/wordpress\/informationen\/schulorganganisation\/schulcharta\/","title":{"rendered":"Schulcharta"},"content":{"rendered":"<p class=\"fettText\"><strong>Unser Gymnasium ist ein Zentrum des sozialen Miteinanders.<\/strong><\/p>\n<ul>\n<li>Alle Beteiligten, Sch\u00fcler, Lehrer und Eltern, \u00fcbernehmen Verantwortung f\u00fcr das Gelingen des Schulalltags, d.h. sie nehmen aktiv am Schulleben teil und nutzen die M\u00f6glichkeit zur Zusammenarbeit.<\/li>\n<li>Wir empfinden die Vielfalt in unserer Schulgemeinschaft als Bereicherung.<\/li>\n<li>Wir begegnen uns mit Toleranz und R\u00fccksichtnahme, deshalb kann jeder von uns den Mut haben, seinen eigenen Standpunkt zu vertreten. Wir akzeptieren unterschiedliche Meinungen.<\/li>\n<li>Konflikte betrachten wir als Auswirkungen unterschiedlicher Interessen und Anschauungen und akzeptieren sie als normale Erscheinungen im Leben und Zusammenarbeiten an einer Schule.<\/li>\n<li>Mit Kritik gehen wir sensibel um. Bei Fragen und Kritik versuchen die Beteiligten, die Probleme sofort und sachlich mit den Betroffenen zu kl\u00e4ren.<\/li>\n<li>Gewalt jeder Art, ob k\u00f6rperlich, seelisch oder mit Worten, hat keinen Platz in unserer Schulgemeinschaft.<\/li>\n<\/ul>\n<p><span class=\"bodyText\"><strong>Unser Gymnasium ist ein Zentrum des gemeinsamen Lernens.<\/strong><\/span><\/p>\n<p><span class=\"bodyText\">Wir, die Sch\u00fclerinnen und Sch\u00fcler, <\/span><\/p>\n<ul>\n<li><span class=\"bodyText\">nutzen die uns gebotenen Bildungsm\u00f6glichkeiten und zeigen unsere Leistungsbereitschaft,<\/span><\/li>\n<li><span class=\"bodyText\">sind f\u00fcr unseren Lernerfolg mitverantwortlich und arbeiten daf\u00fcr,<\/span><\/li>\n<li><span class=\"bodyText\">unterst\u00fctzen unsere Mitsch\u00fcler beim Lernprozess,<\/span><\/li>\n<li><span class=\"bodyText\">praktizieren Fairness und Teamgeist,<\/span><\/li>\n<li><span class=\"bodyText\">betrachten Hausaufgaben als Grundlage f\u00fcr unseren schulischen Erfolg.<\/span><\/li>\n<\/ul>\n<p><span class=\"bodyText\">Wir, die Lehrerinnen und Lehrer,<\/span><\/p>\n<ul>\n<li><span class=\"bodyText\">sind uns unserer Vorbildfunktion im Arbeits- und Sozialverhalten bewusst,<\/span><\/li>\n<li><span class=\"bodyText\">schaffen eine angstfreie Atmosph\u00e4re, indem wir die Sch\u00fclerinnen und Sch\u00fcler mit ihren St\u00e4rken und Schw\u00e4chen akzeptieren,<\/span><\/li>\n<li><span class=\"bodyText\">sind stets offen f\u00fcr ein Gespr\u00e4ch mit Sch\u00fclern und Eltern, damit eine vertrauensvolle Zusammenarbeit entsteht, <\/span><\/li>\n<li><span class=\"bodyText\">verpflichten uns, einen fachlich fundierten und inhaltlich interessanten Unterricht zu planen und durchzuf\u00fchren, und tragen so zum Lernerfolg der Sch\u00fclerinnen und Sch\u00fcler bei, <\/span><\/li>\n<li><span class=\"bodyText\">gew\u00e4hrleisten eine transparente Notengebung.<\/span><\/li>\n<\/ul>\n<p><span class=\"bodyText\">Wir, die Eltern, <\/span><\/p>\n<ul>\n<li><span class=\"bodyText\">sind uns unserer Vorbildfunktion im Arbeits- und Sozialverhalten bewusst, <\/span><\/li>\n<li><span class=\"bodyText\">f\u00f6rdern und unterst\u00fctzen unsere Kinder beim Lernen,<\/span><\/li>\n<li><span class=\"bodyText\">zeigen Interesse an ihren Lernfortschritten,<\/span><\/li>\n<li><span class=\"bodyText\">begegnen unseren Kindern mit Verst\u00e4ndnis und ermutigen sie auch bei Misserfolgen,<\/span><\/li>\n<li><span class=\"bodyText\">suchen den Dialog mit allen Beteiligten des Schullebens.<\/span><\/li>\n<\/ul>\n<p><span class=\"bodyText\"><strong>Unser Gymnasium ist ein Zentrum zum Wohlf\u00fchlen.<\/strong><\/span><\/p>\n<ul>\n<li><span class=\"bodyText\">Wir haben eine positive Grundeinstellung zu unserer Schule und demonstrieren diese auch nach au\u00dfen.<\/span><\/li>\n<li><span class=\"bodyText\">Wir leben und pflegen die Schulgemeinschaft und die Verbundenheit mit unserer Schule durch unsere Mitarbeit bei gemeinsamen schulinternen und \u00f6ffentlichen Aktivit\u00e4ten, Projekten, Veranstaltungen und Festen.<\/span><\/li>\n<li><span class=\"bodyText\">Wir gestalten das Schulleben durch aktive Mitarbeit in den Gremien mit.<\/span><\/li>\n<li><span class=\"bodyText\">Wir wollen die Schule mit ihren R\u00e4umen und Anlagen, Einrichtungen und Lernmitteln als Lern- und Lebensraum so mitgestalten, pflegen und bewahren, dass sich alle in ihr wohlf\u00fchlen, dazu geh\u00f6rt auch ein umweltbewusstes Verhalten.<\/span><\/li>\n<\/ul>\n<p><span class=\"bodyText\">Die Charta wurde in dieser Form auf der Schulkonferenz des Gymnasiums Wanne am 26.05.2008 beschlossen.<\/span><\/p>\n","protected":false},"excerpt":{"rendered":"<p>Unser Gymnasium ist ein Zentrum des sozialen Miteinanders. Alle Beteiligten, Sch\u00fcler, Lehrer und Eltern, \u00fcbernehmen Verantwortung f\u00fcr das Gelingen des Schulalltags, d.h. sie nehmen aktiv am Schulleben teil und nutzen die M\u00f6glichkeit zur Zusammenarbeit. Wir empfinden die Vielfalt in unserer &hellip; <a href=\"https:\/\/www.gymnasium-wanne.de\/wordpress\/informationen\/schulorganganisation\/schulcharta\/\">Weiter<\/a><\/p>\n","protected":false},"author":3,"featured_media":0,"parent":239,"menu_order":0,"comment_status":"closed","ping_status":"closed","template":"","meta":{"footnotes":""},"class_list":["post-233","page","type-page","status-publish","hentry"],"publishpress_future_action":{"enabled":false,"date":"2026-05-12 12:40:53","action":"change-status","newStatus":"draft","terms":[],"taxonomy":"","extraData":[]},"publishpress_future_workflow_manual_trigger":{"enabledWorkflows":[]},"_links":{"self":[{"href":"https:\/\/www.gymnasium-wanne.de\/wordpress\/wp-json\/wp\/v2\/pages\/233","targetHints":{"allow":["GET"]}}],"collection":[{"href":"https:\/\/www.gymnasium-wanne.de\/wordpress\/wp-json\/wp\/v2\/pages"}],"about":[{"href":"https:\/\/www.gymnasium-wanne.de\/wordpress\/wp-json\/wp\/v2\/types\/page"}],"author":[{"embeddable":true,"href":"https:\/\/www.gymnasium-wanne.de\/wordpress\/wp-json\/wp\/v2\/users\/3"}],"replies":[{"embeddable":true,"href":"https:\/\/www.gymnasium-wanne.de\/wordpress\/wp-json\/wp\/v2\/comments?post=233"}],"version-history":[{"count":3,"href":"https:\/\/www.gymnasium-wanne.de\/wordpress\/wp-json\/wp\/v2\/pages\/233\/revisions"}],"predecessor-version":[{"id":793,"href":"https:\/\/www.gymnasium-wanne.de\/wordpress\/wp-json\/wp\/v2\/pages\/233\/revisions\/793"}],"up":[{"embeddable":true,"href":"https:\/\/www.gymnasium-wanne.de\/wordpress\/wp-json\/wp\/v2\/pages\/239"}],"wp:attachment":[{"href":"https:\/\/www.gymnasium-wanne.de\/wordpress\/wp-json\/wp\/v2\/media?parent=233"}],"curies":[{"name":"wp","href":"https:\/\/api.w.org\/{rel}","templated":true}]}}