{"id":229,"date":"2016-09-15T18:31:32","date_gmt":"2016-09-15T16:31:32","guid":{"rendered":"http:\/\/www.gymnasium-wanne.de\/wordpress\/?page_id=229"},"modified":"2024-11-06T11:01:11","modified_gmt":"2024-11-06T10:01:11","slug":"anfahrt","status":"publish","type":"page","link":"https:\/\/www.gymnasium-wanne.de\/wordpress\/kontakt\/anfahrt\/","title":{"rendered":"Anfahrt"},"content":{"rendered":"<p>Adresse:<\/p>\n<p>GYMNASIUM WANNE<br \/>\nSt\u00e4dt. Gymnasium f. Jungen u. M\u00e4dchen<br \/>\n44649\u00a0Herne &#8211; Wanne<br \/>\nGerichtsstra\u00dfe\u00a09 &#8211; 11<br \/>\nTelefon:\u00a00 23 23 \/ 16 32 45<br \/>\nTelefax: 0 23 23 \/ 16 33 43<\/p>\n<p>Unsere Schule kann leicht mit dem \u00d6PNV erreicht werden. Vom Hauptbahnhof Wanne Eickel betr\u00e4gt der Fu\u00dfweg ca. 10 Minuten. Mehrere Buslinien halten in unmittelbarer Schuln\u00e4he.<\/p>\n","protected":false},"excerpt":{"rendered":"<p>Adresse: GYMNASIUM WANNE St\u00e4dt. Gymnasium f. Jungen u. M\u00e4dchen 44649\u00a0Herne &#8211; Wanne Gerichtsstra\u00dfe\u00a09 &#8211; 11 Telefon:\u00a00 23 23 \/ 16 32 45 Telefax: 0 23 23 \/ 16 33 43 Unsere Schule kann leicht mit dem \u00d6PNV erreicht werden. Vom &hellip; <a href=\"https:\/\/www.gymnasium-wanne.de\/wordpress\/kontakt\/anfahrt\/\">Weiter<\/a><\/p>\n","protected":false},"author":3,"featured_media":0,"parent":8,"menu_order":0,"comment_status":"closed","ping_status":"closed","template":"","meta":{"footnotes":""},"class_list":["post-229","page","type-page","status-publish","hentry"],"publishpress_future_action":{"enabled":false,"date":"2026-05-12 10:33:24","action":"change-status","newStatus":"draft","terms":[],"taxonomy":"","extraData":[]},"publishpress_future_workflow_manual_trigger":{"enabledWorkflows":[]},"_links":{"self":[{"href":"https:\/\/www.gymnasium-wanne.de\/wordpress\/wp-json\/wp\/v2\/pages\/229","targetHints":{"allow":["GET"]}}],"collection":[{"href":"https:\/\/www.gymnasium-wanne.de\/wordpress\/wp-json\/wp\/v2\/pages"}],"about":[{"href":"https:\/\/www.gymnasium-wanne.de\/wordpress\/wp-json\/wp\/v2\/types\/page"}],"author":[{"embeddable":true,"href":"https:\/\/www.gymnasium-wanne.de\/wordpress\/wp-json\/wp\/v2\/users\/3"}],"replies":[{"embeddable":true,"href":"https:\/\/www.gymnasium-wanne.de\/wordpress\/wp-json\/wp\/v2\/comments?post=229"}],"version-history":[{"count":4,"href":"https:\/\/www.gymnasium-wanne.de\/wordpress\/wp-json\/wp\/v2\/pages\/229\/revisions"}],"predecessor-version":[{"id":4258,"href":"https:\/\/www.gymnasium-wanne.de\/wordpress\/wp-json\/wp\/v2\/pages\/229\/revisions\/4258"}],"up":[{"embeddable":true,"href":"https:\/\/www.gymnasium-wanne.de\/wordpress\/wp-json\/wp\/v2\/pages\/8"}],"wp:attachment":[{"href":"https:\/\/www.gymnasium-wanne.de\/wordpress\/wp-json\/wp\/v2\/media?parent=229"}],"curies":[{"name":"wp","href":"https:\/\/api.w.org\/{rel}","templated":true}]}}