{"id":227,"date":"2016-09-15T18:30:58","date_gmt":"2016-09-15T16:30:58","guid":{"rendered":"http:\/\/www.gymnasium-wanne.de\/wordpress\/?page_id=227"},"modified":"2025-01-31T09:54:16","modified_gmt":"2025-01-31T08:54:16","slug":"schulpflegschaft","status":"publish","type":"page","link":"https:\/\/www.gymnasium-wanne.de\/wordpress\/informationen\/gremien\/schulpflegschaft\/","title":{"rendered":"Schulpflegschaft"},"content":{"rendered":"<div class=\"art-post-inner\">\n<div class=\"art-postcontent\">\n<div class=\"art-article\">\n<p>Im Namen der Schulpflegschaft des Gymnasiums Wanne gr\u00fc\u00dfen wir Sie recht herzlich.<\/p>\n<p>\u00dcber die Schulpflegschaft arbeiten die Eltern aktiv in den Gremien der Schule mit, in denen Eltern<br \/>\nf\u00fcr die Interessen ihrer Kinder eintreten k\u00f6nnen. So findet die Mitwirkung der Eltern in den<br \/>\nKlassenpflegschaften, der Schulpflegschaft, der Schulkonferenz, der Klassenkonferenz und<br \/>\nin den Fachkonferenzen statt.<\/p>\n<p>1. Vorsitzender: Herr Kaldirim<br \/>\n2. Vorsitzende: Frau Papa<\/p>\n<p>Kontaktaufnahme \u00fcber das Sekretariat:<br \/>\nTelefon: 0 23 23 \/ 16 32 45<\/p>\n<p>Die Klassenpflegschaft bildet die Basis, auf der sich Eltern und Lehrer gemeinsam um das Wohl<br \/>\nund die Ausbildung der Sch\u00fcler einer Klasse bem\u00fchen sollen.<\/p>\n<p>P\u00e4dagogische Fragen, neue Unterrichtsf\u00e4cher, Hausaufgaben, Leistungs\u00fcberpr\u00fcfungen, Klassenfahrten<br \/>\nund \u2013wanderungen sind u.a. Themen f\u00fcr die Klassenpflegschaft, die mindestens zweimal im Jahr zu<br \/>\neiner Sitzung einberufen werden soll. Die erste Sitzung wird vom jeweiligen Klassenlehrer einberufen.<\/p>\n<p>Alle Klassenpflegschaftsvorsitzenden und ihre Vertreter zusammen bilden die Schulpflegschaft. Sie<br \/>\nvertritt und f\u00f6rdert die Belange und Rechte der Elternschaft einer Schule, w\u00e4hlt die Elternvertreter f\u00fcr<br \/>\ndie Schulkonferenz sowie f\u00fcr die Fachkonferenzen, zu der nicht nur die Pflegschaftsvorsitzenden und<br \/>\nihre Vertreter, sondern alle interessierten Eltern einer Pflegschaft w\u00e4hlbar sind.<\/p>\n<p>In der Schulkonferenz, dem eigentlichen Entscheidungsgremium einer Schule, arbeiten Lehrer, Eltern<br \/>\nund Sch\u00fcler zusammen. Im Schulmitwirkungsgesetz sind die Aufgaben der an der Mitwirkung<br \/>\nbeteiligten Organe, insbesondere der Schulkonferenz, festgelegt.<\/p>\n<p>Aktive Elternarbeit in den vorgenannten Gremien und auch au\u00dferhalb, wie z.B. im F\u00f6rderverein,<br \/>\nist uns wichtig.<\/p>\n<\/div>\n<\/div>\n<div class=\"cleared\"><\/div>\n<\/div>\n<div class=\"cleared\"><\/div>\n","protected":false},"excerpt":{"rendered":"<p>Im Namen der Schulpflegschaft des Gymnasiums Wanne gr\u00fc\u00dfen wir Sie recht herzlich. \u00dcber die Schulpflegschaft arbeiten die Eltern aktiv in den Gremien der Schule mit, in denen Eltern f\u00fcr die Interessen ihrer Kinder eintreten k\u00f6nnen. So findet die Mitwirkung der &hellip; <a href=\"https:\/\/www.gymnasium-wanne.de\/wordpress\/informationen\/gremien\/schulpflegschaft\/\">Weiter<\/a><\/p>\n","protected":false},"author":3,"featured_media":0,"parent":225,"menu_order":0,"comment_status":"closed","ping_status":"closed","template":"","meta":{"footnotes":""},"class_list":["post-227","page","type-page","status-publish","hentry"],"publishpress_future_action":{"enabled":false,"date":"2026-05-12 12:34:42","action":"change-status","newStatus":"draft","terms":[],"taxonomy":"","extraData":[]},"publishpress_future_workflow_manual_trigger":{"enabledWorkflows":[]},"_links":{"self":[{"href":"https:\/\/www.gymnasium-wanne.de\/wordpress\/wp-json\/wp\/v2\/pages\/227","targetHints":{"allow":["GET"]}}],"collection":[{"href":"https:\/\/www.gymnasium-wanne.de\/wordpress\/wp-json\/wp\/v2\/pages"}],"about":[{"href":"https:\/\/www.gymnasium-wanne.de\/wordpress\/wp-json\/wp\/v2\/types\/page"}],"author":[{"embeddable":true,"href":"https:\/\/www.gymnasium-wanne.de\/wordpress\/wp-json\/wp\/v2\/users\/3"}],"replies":[{"embeddable":true,"href":"https:\/\/www.gymnasium-wanne.de\/wordpress\/wp-json\/wp\/v2\/comments?post=227"}],"version-history":[{"count":7,"href":"https:\/\/www.gymnasium-wanne.de\/wordpress\/wp-json\/wp\/v2\/pages\/227\/revisions"}],"predecessor-version":[{"id":4323,"href":"https:\/\/www.gymnasium-wanne.de\/wordpress\/wp-json\/wp\/v2\/pages\/227\/revisions\/4323"}],"up":[{"embeddable":true,"href":"https:\/\/www.gymnasium-wanne.de\/wordpress\/wp-json\/wp\/v2\/pages\/225"}],"wp:attachment":[{"href":"https:\/\/www.gymnasium-wanne.de\/wordpress\/wp-json\/wp\/v2\/media?parent=227"}],"curies":[{"name":"wp","href":"https:\/\/api.w.org\/{rel}","templated":true}]}}