{"id":1682,"date":"2019-01-24T12:06:33","date_gmt":"2019-01-24T11:06:33","guid":{"rendered":"https:\/\/www.gymnasium-wanne.de\/wordpress\/?page_id=1682"},"modified":"2024-09-10T10:00:05","modified_gmt":"2024-09-10T08:00:05","slug":"ag-bereich-und-pausensport","status":"publish","type":"page","link":"https:\/\/www.gymnasium-wanne.de\/wordpress\/ag-bereich-und-pausensport\/","title":{"rendered":"AG-Bereich und Pausensport"},"content":{"rendered":"<p>In der Mittagspause erholen sich die Sch\u00fcler*innen und sch\u00f6pfen neue Kraft f\u00fcr den Nachmittag. Dazu stehen am Gymnasium Wanne verschiedene Angebote bereit:<\/p>\n\n\n<ul class=\"wp-block-list\">\n<li>Beim betreuten <strong>Pausensport <\/strong>bieten unsere ausgebildeten Sporthelfer*innen aus der Oberstufe verschiedene Bewegungsaktivit\u00e4ten an. <\/li>\n<\/ul>\n\n\n\n<p><\/p>\n\n\n\n<figure class=\"wp-block-image\"><img decoding=\"async\" src=\"https:\/\/www.gymnasium-wanne.de\/wordpress\/wp-content\/uploads\/2019\/01\/IMG_0023-1024x683.jpg\" alt=\"\" class=\"wp-image-1684\"\/><figcaption class=\"wp-element-caption\">Pausensport<\/figcaption><\/figure>\n\n\n\n<ul class=\"wp-block-list\">\n<li>Im <strong>Spieleraum<\/strong> kann man sich mit seinen Freunden an Brett- und Kartenspielen versuchen, aber auch malen und basteln.<\/li>\n\n\n\n<li>In die <strong>Lesewanne<\/strong> ziehen sich die Sch\u00fcler*innen zum entspannten Lesen in B\u00fcchern oder Zeitschriften zur\u00fcck oder leihen sich ein Buch f\u00fcr zu Hause aus, ab und zu wird hier auch in gem\u00fctlicher Runde vorgelesen.<\/li>\n\n\n\n<li>Am <strong>Bauwagen<\/strong> leihen sich die Aktiven Bewegungsspielzeug f\u00fcr den Schulhof aus.<\/li>\n<\/ul>\n\n\n\n<figure class=\"wp-block-image\"><img decoding=\"async\" src=\"https:\/\/www.gymnasium-wanne.de\/wordpress\/wp-content\/uploads\/2019\/02\/IMG_9902-1024x682.jpg\" alt=\"\" class=\"wp-image-1804\"\/><figcaption class=\"wp-element-caption\">Bauwagen mit Bewegungsspielzeug<\/figcaption><\/figure>\n\n\n\n<p>Unser AG-Bereich bietet\nvielf\u00e4ltige Arbeitsgemeinschaften, die an allen Tagen nach den verpflichtenden\nUnterrichtsstunden angeboten werden. Wir versuchen dabei m\u00f6glichst umfassend,\nden kindlichen Bed\u00fcrfnissen nach Spiel, Sport, Kreativit\u00e4t, sozialem\nMiteinander und individueller F\u00f6rderung gerecht zu werden.<\/p>\n\n\n\n<p>Die AGen werden angeboten von\nLehrer*innen, \u00e4lteren Sch\u00fcler*innen, Ehrenamtlichen oder Honorarkr\u00e4ften aus\nkooperierenden Vereinen.<\/p>\n\n\n\n<p>Sie haben auch eine Leidenschaft oder ein interessantes Hobby , das Sie gerne an junge Menschen weitergeben m\u00f6chten? Melden Sie sich bei uns, wenn Sie Interesse haben, ein besonderes Angebot in unserem Ganztag zu etablieren (vooren@gymnasium-wanne.de)<\/p>\n\n\n\n<p>Aktuelle Arbeitsgemeinschaften (Schuljahr 2024\/2025) unter diesem <a href=\"https:\/\/www.gymnasium-wanne.de\/wordpress\/wp-content\/uploads\/2022\/03\/AG-Uebersicht.pdf\" data-type=\"URL\" data-id=\"https:\/\/www.gymnasium-wanne.de\/wordpress\/wp-content\/uploads\/2022\/03\/AG-Uebersicht-2122-1.pdf\">link<\/a>:<\/p>\n","protected":false},"excerpt":{"rendered":"<p>In der Mittagspause erholen sich die Sch\u00fcler*innen und sch\u00f6pfen neue Kraft f\u00fcr den Nachmittag. Dazu stehen am Gymnasium Wanne verschiedene Angebote bereit: Unser AG-Bereich bietet vielf\u00e4ltige Arbeitsgemeinschaften, die an allen Tagen nach den verpflichtenden Unterrichtsstunden angeboten werden. Wir versuchen dabei &hellip; <a href=\"https:\/\/www.gymnasium-wanne.de\/wordpress\/ag-bereich-und-pausensport\/\">Weiter<\/a><\/p>\n","protected":false},"author":3,"featured_media":0,"parent":0,"menu_order":0,"comment_status":"closed","ping_status":"closed","template":"","meta":{"footnotes":""},"class_list":["post-1682","page","type-page","status-publish","hentry"],"publishpress_future_action":{"enabled":false,"date":"2026-05-10 12:42:25","action":"change-status","newStatus":"draft","terms":[],"taxonomy":"","extraData":[]},"publishpress_future_workflow_manual_trigger":{"enabledWorkflows":[]},"_links":{"self":[{"href":"https:\/\/www.gymnasium-wanne.de\/wordpress\/wp-json\/wp\/v2\/pages\/1682","targetHints":{"allow":["GET"]}}],"collection":[{"href":"https:\/\/www.gymnasium-wanne.de\/wordpress\/wp-json\/wp\/v2\/pages"}],"about":[{"href":"https:\/\/www.gymnasium-wanne.de\/wordpress\/wp-json\/wp\/v2\/types\/page"}],"author":[{"embeddable":true,"href":"https:\/\/www.gymnasium-wanne.de\/wordpress\/wp-json\/wp\/v2\/users\/3"}],"replies":[{"embeddable":true,"href":"https:\/\/www.gymnasium-wanne.de\/wordpress\/wp-json\/wp\/v2\/comments?post=1682"}],"version-history":[{"count":16,"href":"https:\/\/www.gymnasium-wanne.de\/wordpress\/wp-json\/wp\/v2\/pages\/1682\/revisions"}],"predecessor-version":[{"id":4220,"href":"https:\/\/www.gymnasium-wanne.de\/wordpress\/wp-json\/wp\/v2\/pages\/1682\/revisions\/4220"}],"wp:attachment":[{"href":"https:\/\/www.gymnasium-wanne.de\/wordpress\/wp-json\/wp\/v2\/media?parent=1682"}],"curies":[{"name":"wp","href":"https:\/\/api.w.org\/{rel}","templated":true}]}}