{"id":1673,"date":"2019-01-24T11:20:33","date_gmt":"2019-01-24T10:20:33","guid":{"rendered":"https:\/\/www.gymnasium-wanne.de\/wordpress\/?page_id=1673"},"modified":"2019-01-24T11:20:34","modified_gmt":"2019-01-24T10:20:34","slug":"lesewanne","status":"publish","type":"page","link":"https:\/\/www.gymnasium-wanne.de\/wordpress\/lesewanne\/","title":{"rendered":"Lesewanne"},"content":{"rendered":"\n<p>An jedem Tag in der&nbsp;6. und 7. Stunde&nbsp;\u00f6ffnet\nunsere Sch\u00fclerbibliothek ihre T\u00fcr f\u00fcr alle Sch\u00fclerinnen und Sch\u00fcler, die aus\n\u00fcber 600 B\u00fcchern und Zeitschriften ausw\u00e4hlen k\u00f6nnen.<\/p>\n\n\n\n<figure class=\"wp-block-image\"><img decoding=\"async\" src=\"https:\/\/www.gymnasium-wanne.de\/wordpress\/wp-content\/uploads\/2019\/01\/IMG_9892-1024x683.jpg\" alt=\"\" class=\"wp-image-1674\"\/><\/figure>\n\n\n\n<p>Man kann vor Ort schm\u00f6kern oder sich ein Buch f\u00fcr\nmehrere Wochen nach Hause ausleihen, notwendig ist nur der Sch\u00fclerausweis.\nBetreut und gestaltet wird die \u201eLesewanne\u201c unter anderem von \u00e4lteren\nSch\u00fclerinnen und Sch\u00fclern, die den Bibliotheksdienst gerne \u00fcbernehmen. Die\n\u201eLesewanne\u201c bietet&nbsp;die aktuelle Tageszeitung,&nbsp;Wissensmagazine,\nspannende Krimis, Liebesgeschichten, Ratgeber, englische Literatur, aber auch\nComics und Mangas.<\/p>\n\n\n\n<figure class=\"wp-block-image\"><img decoding=\"async\" src=\"https:\/\/www.gymnasium-wanne.de\/wordpress\/wp-content\/uploads\/2019\/01\/lesewanne-768x576.jpg\" alt=\"\" class=\"wp-image-1675\"\/><\/figure>\n\n\n\n<p>Mehrmals im Jahr finden hier auch kleinere\nVorleseangebote statt, z.B. die beliebte Aktion \u201eLehrer*innen lesen\nLieblingsb\u00fccher\u201c.<\/p>\n","protected":false},"excerpt":{"rendered":"<p>An jedem Tag in der&nbsp;6. und 7. Stunde&nbsp;\u00f6ffnet unsere Sch\u00fclerbibliothek ihre T\u00fcr f\u00fcr alle Sch\u00fclerinnen und Sch\u00fcler, die aus \u00fcber 600 B\u00fcchern und Zeitschriften ausw\u00e4hlen k\u00f6nnen. Man kann vor Ort schm\u00f6kern oder sich ein Buch f\u00fcr mehrere Wochen nach Hause &hellip; <a href=\"https:\/\/www.gymnasium-wanne.de\/wordpress\/lesewanne\/\">Weiter<\/a><\/p>\n","protected":false},"author":3,"featured_media":0,"parent":0,"menu_order":0,"comment_status":"closed","ping_status":"closed","template":"","meta":{"footnotes":""},"class_list":["post-1673","page","type-page","status-publish","hentry"],"publishpress_future_action":{"enabled":false,"date":"2026-05-10 12:33:55","action":"change-status","newStatus":"draft","terms":[],"taxonomy":"","extraData":[]},"publishpress_future_workflow_manual_trigger":{"enabledWorkflows":[]},"_links":{"self":[{"href":"https:\/\/www.gymnasium-wanne.de\/wordpress\/wp-json\/wp\/v2\/pages\/1673","targetHints":{"allow":["GET"]}}],"collection":[{"href":"https:\/\/www.gymnasium-wanne.de\/wordpress\/wp-json\/wp\/v2\/pages"}],"about":[{"href":"https:\/\/www.gymnasium-wanne.de\/wordpress\/wp-json\/wp\/v2\/types\/page"}],"author":[{"embeddable":true,"href":"https:\/\/www.gymnasium-wanne.de\/wordpress\/wp-json\/wp\/v2\/users\/3"}],"replies":[{"embeddable":true,"href":"https:\/\/www.gymnasium-wanne.de\/wordpress\/wp-json\/wp\/v2\/comments?post=1673"}],"version-history":[{"count":1,"href":"https:\/\/www.gymnasium-wanne.de\/wordpress\/wp-json\/wp\/v2\/pages\/1673\/revisions"}],"predecessor-version":[{"id":1676,"href":"https:\/\/www.gymnasium-wanne.de\/wordpress\/wp-json\/wp\/v2\/pages\/1673\/revisions\/1676"}],"wp:attachment":[{"href":"https:\/\/www.gymnasium-wanne.de\/wordpress\/wp-json\/wp\/v2\/media?parent=1673"}],"curies":[{"name":"wp","href":"https:\/\/api.w.org\/{rel}","templated":true}]}}