{"id":1665,"date":"2019-01-24T11:10:31","date_gmt":"2019-01-24T10:10:31","guid":{"rendered":"https:\/\/www.gymnasium-wanne.de\/wordpress\/?page_id=1665"},"modified":"2022-03-30T09:23:22","modified_gmt":"2022-03-30T07:23:22","slug":"gebundener-ganztag","status":"publish","type":"page","link":"https:\/\/www.gymnasium-wanne.de\/wordpress\/gebundener-ganztag\/","title":{"rendered":"Unser Ganztagskonzept &#8211; ausf\u00fchrlich erkl\u00e4rt"},"content":{"rendered":"\n<p>Eine ausf\u00fchrliche Darstellung unseres Ganztagskonzepts finden Sie <a href=\"\/wordpress\/wp-content\/uploads\/2020\/01\/Gym_Wanne_Ganztagskonzept_1.pdf\">hier<\/a>.<\/p>\n\n\n\n<h2 class=\"wp-block-heading\">Gebundener Ganztag &#8211; das Wichtigste in K\u00fcrze<\/h2>\n\n\n\n<p class=\"has-normal-font-size\"><strong>Argumente f\u00fcr den Ganztag am Gymnasium Wanne<\/strong><\/p>\n\n\n\n<ul class=\"wp-block-list\"><li>Der Fokus wird auf die ganzheitliche Entwicklung\nder Kinder gesetzt (z.B. durch Arbeitsgemeinschaften)<\/li><li>Das soziale Miteinander der Schulgemeinschaft\nwird gest\u00e4rkt, die Kinder lernen sich untereinander und ihre Lehrer*innen in ganz\nneuen Zusammenh\u00e4ngen kennen<\/li><li>F\u00f6rderangebote k\u00f6nnen besser in den Schulalltag\neinbezogen werden (z.B. Sprachf\u00f6rderung, Lesef\u00f6rderung, Mathef\u00f6rderung,\nBegabtenf\u00f6rderung)<\/li><li>Die Familien werden durch Verlagerung der\nHausaufgaben in die Lernzeiten und ausreichende Betreuungszeiten entlastest<\/li><li>Eine gesunde Lebensgestaltung wird unterst\u00fctzt (z.B.\ngesunde Ern\u00e4hrung und Bewegung)<\/li><li>Die Schule kann durch zus\u00e4tzliche Stunden eigene\nSchwerpunkte setzen (z.B. in Klasse 5: Medienkompetenz)<\/li><\/ul>\n\n\n\n<p>Fazit: Die Schule wird zum <strong>Lebensraum,\n<\/strong>anstatt nur Lernraum zu sein<\/p>\n\n\n\n<p class=\"has-normal-font-size\"><strong>Rechtliche Vorgaben des Ganztags<\/strong><\/p>\n\n\n\n<ul class=\"wp-block-list\"><li>In einer gebundenen Ganztagsschule ist die\nTeilnahme am Ganztag verpflichtend f\u00fcr alle Sch\u00fcler*innen<\/li><li>Die Unterrichtsangebote finden <strong>an drei langen Tagen bis mind. 15 Uhr<\/strong>\nstatt (bei uns: Montag, Mittwoch und Donnerstag)<\/li><li>Dar\u00fcber hinaus gibt es freiwillige Angebote im\nNachmittagsbereich durch Arbeitsgemeinschaften<\/li><li>Durch die Umstellung auf G9 ergeben sich neue\nGestaltungsm\u00f6glichkeiten des Ganztags, die generellen Vorgaben des Ganztags\nbleiben aber unber\u00fchrt<\/li><\/ul>\n\n\n\n<p class=\"has-normal-font-size\"><strong>Besondere Elemente des Stundenplans<\/strong><\/p>\n\n\n\n<p><\/p>\n\n\n\n<p><strong>Lernzeiten<\/strong>: 2-3 Stunden in der Woche Zeit f\u00fcr individuelle Aufgaben, Unterst\u00fctzung durch die Lehrkraft, Differenzierung, ruhiges Arbeiten im Silentium-Raum, weitgehende Vermeidung von Hausaufgaben<\/p>\n\n\n\n<p style=\"font-size:16px\"><strong>Elemente aus dem Bereich der Kulturellen Bildung\u00a0<\/strong>(Talentschulprojekt): <\/p>\n\n\n\n<p>durch den Ganztag k\u00f6nnen wir besondere Angebote aus dem Talentschulprojekt in den Stundenplan integrieren und f\u00fcr einen rhythmisierten Schultag sorgen. Dies sind zur Zeit ein Kulturkompetenztraining, &#8222;Kulturkleeblatt&#8220;- Stunden mit Angeboten aus den Bereichen Musik, Theater und Tanz sowie Projekte des Sozialkompetenztrainings<\/p>\n","protected":false},"excerpt":{"rendered":"<p>Eine ausf\u00fchrliche Darstellung unseres Ganztagskonzepts finden Sie hier. Gebundener Ganztag &#8211; das Wichtigste in K\u00fcrze Argumente f\u00fcr den Ganztag am Gymnasium Wanne Der Fokus wird auf die ganzheitliche Entwicklung der Kinder gesetzt (z.B. durch Arbeitsgemeinschaften) Das soziale Miteinander der Schulgemeinschaft &hellip; <a href=\"https:\/\/www.gymnasium-wanne.de\/wordpress\/gebundener-ganztag\/\">Weiter<\/a><\/p>\n","protected":false},"author":3,"featured_media":0,"parent":0,"menu_order":0,"comment_status":"closed","ping_status":"closed","template":"","meta":{"footnotes":""},"class_list":["post-1665","page","type-page","status-publish","hentry"],"publishpress_future_action":{"enabled":false,"date":"2026-05-12 10:34:05","action":"change-status","newStatus":"draft","terms":[],"taxonomy":"","extraData":[]},"publishpress_future_workflow_manual_trigger":{"enabledWorkflows":[]},"_links":{"self":[{"href":"https:\/\/www.gymnasium-wanne.de\/wordpress\/wp-json\/wp\/v2\/pages\/1665","targetHints":{"allow":["GET"]}}],"collection":[{"href":"https:\/\/www.gymnasium-wanne.de\/wordpress\/wp-json\/wp\/v2\/pages"}],"about":[{"href":"https:\/\/www.gymnasium-wanne.de\/wordpress\/wp-json\/wp\/v2\/types\/page"}],"author":[{"embeddable":true,"href":"https:\/\/www.gymnasium-wanne.de\/wordpress\/wp-json\/wp\/v2\/users\/3"}],"replies":[{"embeddable":true,"href":"https:\/\/www.gymnasium-wanne.de\/wordpress\/wp-json\/wp\/v2\/comments?post=1665"}],"version-history":[{"count":9,"href":"https:\/\/www.gymnasium-wanne.de\/wordpress\/wp-json\/wp\/v2\/pages\/1665\/revisions"}],"predecessor-version":[{"id":3608,"href":"https:\/\/www.gymnasium-wanne.de\/wordpress\/wp-json\/wp\/v2\/pages\/1665\/revisions\/3608"}],"wp:attachment":[{"href":"https:\/\/www.gymnasium-wanne.de\/wordpress\/wp-json\/wp\/v2\/media?parent=1665"}],"curies":[{"name":"wp","href":"https:\/\/api.w.org\/{rel}","templated":true}]}}