{"id":108,"date":"2016-09-12T17:36:10","date_gmt":"2016-09-12T15:36:10","guid":{"rendered":"http:\/\/www.gymnasium-wanne.de\/wordpress\/?page_id=108"},"modified":"2024-02-21T10:39:54","modified_gmt":"2024-02-21T09:39:54","slug":"schuelercafe-breakpoint","status":"publish","type":"page","link":"https:\/\/www.gymnasium-wanne.de\/wordpress\/ganztag\/schuelercafe-breakpoint\/","title":{"rendered":"Sch\u00fclercaf\u00e9 Breakpoint"},"content":{"rendered":"<div class=\"wp-block-image\">\n<figure class=\"aligncenter size-medium is-resized\"><img loading=\"lazy\" decoding=\"async\" width=\"300\" height=\"227\" src=\"https:\/\/www.gymnasium-wanne.de\/wordpress\/wp-content\/uploads\/2024\/02\/MicrosoftTeams-image-6-300x227.jpg\" alt=\"\" class=\"wp-image-4130\" style=\"width:474px;height:auto\" srcset=\"https:\/\/www.gymnasium-wanne.de\/wordpress\/wp-content\/uploads\/2024\/02\/MicrosoftTeams-image-6-300x227.jpg 300w, https:\/\/www.gymnasium-wanne.de\/wordpress\/wp-content\/uploads\/2024\/02\/MicrosoftTeams-image-6-768x581.jpg 768w, https:\/\/www.gymnasium-wanne.de\/wordpress\/wp-content\/uploads\/2024\/02\/MicrosoftTeams-image-6.jpg 1024w\" sizes=\"auto, (max-width: 300px) 100vw, 300px\" \/><\/figure>\n<\/div>\n\n\n<p>Entstanden ist unser Caf\u00e9 2008 aus einer AG,&nbsp; in der Oberstufensch\u00fcler ein Sch\u00fclerunternehmen gegr\u00fcndet hatten. Sie machten sich zur Aufgabe, ihre Mitsch\u00fcler t\u00e4glich mit belegten Br\u00f6tchen, Getr\u00e4nken und S\u00fc\u00dfigkeiten zu versorgen.<\/p>\n\n\n\n<p>In den letzten Jahren hat sich viel ver\u00e4ndert. Jeden Morgen, noch vor Schulbeginn, werden vom Mensa Team frische Backwaren hergestellt bzw. aufgebacken, z.B. Baguette, Br\u00f6tchen, Laugengeb\u00e4ck, Pizzabaguette, Croissants&nbsp; und K\u00e4sebr\u00f6tchen.<\/p>\n\n\n<div class=\"wp-block-image\">\n<figure class=\"aligncenter size-full is-resized\"><img loading=\"lazy\" decoding=\"async\" width=\"1024\" height=\"1024\" src=\"https:\/\/www.gymnasium-wanne.de\/wordpress\/wp-content\/uploads\/2024\/02\/MicrosoftTeams-image-9.jpg\" alt=\"\" class=\"wp-image-4131\" style=\"width:634px;height:auto\" srcset=\"https:\/\/www.gymnasium-wanne.de\/wordpress\/wp-content\/uploads\/2024\/02\/MicrosoftTeams-image-9.jpg 1024w, https:\/\/www.gymnasium-wanne.de\/wordpress\/wp-content\/uploads\/2024\/02\/MicrosoftTeams-image-9-300x300.jpg 300w, https:\/\/www.gymnasium-wanne.de\/wordpress\/wp-content\/uploads\/2024\/02\/MicrosoftTeams-image-9-150x150.jpg 150w, https:\/\/www.gymnasium-wanne.de\/wordpress\/wp-content\/uploads\/2024\/02\/MicrosoftTeams-image-9-768x768.jpg 768w\" sizes=\"auto, (max-width: 1024px) 100vw, 1024px\" \/><\/figure>\n<\/div>\n\n\n<p>Von den Mitarbeiter:innen werden sie dann belegt und in die K\u00fchlung einsortiert. Bei der Auswahl der Bel\u00e4ge werden immer wieder auch die W\u00fcnsche der Sch\u00fcler:innen und Lehrer:innen ber\u00fccksichtigt (u.a. vegetarisch\/vegan). So gibt es z.B. K\u00e4se- und Wurstbr\u00f6tchen, oder auch Thunfisch-, Frischk\u00e4se- oder Tomate-Mozzarellabaguettes.<\/p>\n\n\n\n<p>Neben verschiedenen Getr\u00e4nken gibt es auch Kaffee, kleine s\u00fc\u00dfen und salzigen Snacks und nat\u00fcrlich traditionell freitags Waffeln. Wenn es die Zeit erlaubt, \u00fcberlegen sich die Mitarbeiter:innen auch besondere Aktionen, z.B. gibt es im Winter oft hei\u00dfen Kakao oder im Sommer Obstsalat.<\/p>\n\n\n<div class=\"wp-block-image\">\n<figure class=\"aligncenter size-full is-resized\"><img loading=\"lazy\" decoding=\"async\" width=\"1024\" height=\"768\" src=\"https:\/\/www.gymnasium-wanne.de\/wordpress\/wp-content\/uploads\/2024\/02\/MicrosoftTeams-image-8.jpg\" alt=\"\" class=\"wp-image-4132\" style=\"width:610px;height:auto\" srcset=\"https:\/\/www.gymnasium-wanne.de\/wordpress\/wp-content\/uploads\/2024\/02\/MicrosoftTeams-image-8.jpg 1024w, https:\/\/www.gymnasium-wanne.de\/wordpress\/wp-content\/uploads\/2024\/02\/MicrosoftTeams-image-8-300x225.jpg 300w, https:\/\/www.gymnasium-wanne.de\/wordpress\/wp-content\/uploads\/2024\/02\/MicrosoftTeams-image-8-768x576.jpg 768w\" sizes=\"auto, (max-width: 1024px) 100vw, 1024px\" \/><\/figure>\n<\/div>\n\n\n<p>In den Pausen helfen uns Sch\u00fcler:innen ab Klasse 8 beim Verkauf.<\/p>\n\n\n\n<p>Das Breakpoint ist an den \u201elangen Schultagen\u201c (montags, mittwochs und donnerstags) von 9-14 Uhr und an den \u201ekurzen Schultagen\u201c (dienstags und freitags) von 9-12 Uhr ge\u00f6ffnet. Oberstufensch\u00fcler:innen k\u00f6nnen hier auch Mensakarten erwerben.<\/p>\n\n\n\n<p>Wenn Sie Fragen haben oder uns gerne ehrenamtlich unterst\u00fctzen m\u00f6chten, melden Sie sich bitte bei Frau Heilinger (<a href=\"mailto:heilinger@gymnasium-wanne.de\">heilinger@gymnasium-wanne.de<\/a>).<\/p>\n\n\n<div class=\"wp-block-image\">\n<figure class=\"aligncenter size-full is-resized\"><img loading=\"lazy\" decoding=\"async\" width=\"1024\" height=\"972\" src=\"https:\/\/www.gymnasium-wanne.de\/wordpress\/wp-content\/uploads\/2024\/02\/MicrosoftTeams-image-7-1.jpg\" alt=\"\" class=\"wp-image-4134\" style=\"width:392px;height:auto\" srcset=\"https:\/\/www.gymnasium-wanne.de\/wordpress\/wp-content\/uploads\/2024\/02\/MicrosoftTeams-image-7-1.jpg 1024w, https:\/\/www.gymnasium-wanne.de\/wordpress\/wp-content\/uploads\/2024\/02\/MicrosoftTeams-image-7-1-300x285.jpg 300w, https:\/\/www.gymnasium-wanne.de\/wordpress\/wp-content\/uploads\/2024\/02\/MicrosoftTeams-image-7-1-768x729.jpg 768w\" sizes=\"auto, (max-width: 1024px) 100vw, 1024px\" \/><\/figure>\n<\/div>","protected":false},"excerpt":{"rendered":"<p>Entstanden ist unser Caf\u00e9 2008 aus einer AG,&nbsp; in der Oberstufensch\u00fcler ein Sch\u00fclerunternehmen gegr\u00fcndet hatten. Sie machten sich zur Aufgabe, ihre Mitsch\u00fcler t\u00e4glich mit belegten Br\u00f6tchen, Getr\u00e4nken und S\u00fc\u00dfigkeiten zu versorgen. In den letzten Jahren hat sich viel ver\u00e4ndert. Jeden &hellip; <a href=\"https:\/\/www.gymnasium-wanne.de\/wordpress\/ganztag\/schuelercafe-breakpoint\/\">Weiter<\/a><\/p>\n","protected":false},"author":2,"featured_media":0,"parent":61,"menu_order":0,"comment_status":"closed","ping_status":"closed","template":"","meta":{"footnotes":""},"class_list":["post-108","page","type-page","status-publish","hentry"],"publishpress_future_action":{"enabled":false,"date":"2026-05-12 12:36:05","action":"change-status","newStatus":"draft","terms":[],"taxonomy":"","extraData":[]},"publishpress_future_workflow_manual_trigger":{"enabledWorkflows":[]},"_links":{"self":[{"href":"https:\/\/www.gymnasium-wanne.de\/wordpress\/wp-json\/wp\/v2\/pages\/108","targetHints":{"allow":["GET"]}}],"collection":[{"href":"https:\/\/www.gymnasium-wanne.de\/wordpress\/wp-json\/wp\/v2\/pages"}],"about":[{"href":"https:\/\/www.gymnasium-wanne.de\/wordpress\/wp-json\/wp\/v2\/types\/page"}],"author":[{"embeddable":true,"href":"https:\/\/www.gymnasium-wanne.de\/wordpress\/wp-json\/wp\/v2\/users\/2"}],"replies":[{"embeddable":true,"href":"https:\/\/www.gymnasium-wanne.de\/wordpress\/wp-json\/wp\/v2\/comments?post=108"}],"version-history":[{"count":7,"href":"https:\/\/www.gymnasium-wanne.de\/wordpress\/wp-json\/wp\/v2\/pages\/108\/revisions"}],"predecessor-version":[{"id":4138,"href":"https:\/\/www.gymnasium-wanne.de\/wordpress\/wp-json\/wp\/v2\/pages\/108\/revisions\/4138"}],"up":[{"embeddable":true,"href":"https:\/\/www.gymnasium-wanne.de\/wordpress\/wp-json\/wp\/v2\/pages\/61"}],"wp:attachment":[{"href":"https:\/\/www.gymnasium-wanne.de\/wordpress\/wp-json\/wp\/v2\/media?parent=108"}],"curies":[{"name":"wp","href":"https:\/\/api.w.org\/{rel}","templated":true}]}}